{"id":21573,"date":"2019-09-09T15:52:49","date_gmt":"2019-09-09T13:52:49","guid":{"rendered":"https:\/\/www.hotel-grimentz.ch\/?page_id=21573"},"modified":"2020-09-04T11:50:29","modified_gmt":"2020-09-04T09:50:29","slug":"rechtliches","status":"publish","type":"page","link":"https:\/\/www.hotel-grimentz.ch\/de\/rechtliches\/","title":{"rendered":"Rechtliches"},"content":{"rendered":"<div id='av_section_1'  class='avia-section av-163pshx-1430f0e46c0c3f0ffe8c9885da82a38f main_color avia-section-default avia-no-border-styling  avia-builder-el-0  avia-builder-el-no-sibling  avia-bg-style-scroll container_wrap fullsize'  ><div class='container av-section-cont-open' ><main  role=\"main\" itemprop=\"mainContentOfPage\"  class='template-page content  av-content-full alpha units'><div class='post-entry post-entry-type-page post-entry-21573'><div class='entry-content-wrapper clearfix'>\n\n<style type=\"text\/css\" data-created_by=\"avia_inline_auto\" id=\"style-css-av-av_heading-451a06ae35612c6693db55255ab30d5c\">\n#top .av-special-heading.av-av_heading-451a06ae35612c6693db55255ab30d5c{\npadding-bottom:30px;\n}\nbody .av-special-heading.av-av_heading-451a06ae35612c6693db55255ab30d5c .av-special-heading-tag .heading-char{\nfont-size:25px;\n}\n.av-special-heading.av-av_heading-451a06ae35612c6693db55255ab30d5c .av-subheading{\nfont-size:15px;\n}\n<\/style>\n<div  class='av-special-heading av-av_heading-451a06ae35612c6693db55255ab30d5c av-special-heading-h1 blockquote modern-quote  avia-builder-el-1  el_before_av_two_third  avia-builder-el-first '><h1 class='av-special-heading-tag'  itemprop=\"headline\"  >Rechtliches<\/h1><div class=\"special-heading-border\"><div class=\"special-heading-inner-border\"><\/div><\/div><\/div>\n\n<style type=\"text\/css\" data-created_by=\"avia_inline_auto\" id=\"style-css-av-uj6xol-19f5eb9666b0eb1f5b7d64d5aa5cedc0\">\n.flex_column.av-uj6xol-19f5eb9666b0eb1f5b7d64d5aa5cedc0{\nborder-radius:0px 0px 0px 0px;\npadding:0px 0px 0px 0px;\n}\n<\/style>\n<div  class='flex_column av-uj6xol-19f5eb9666b0eb1f5b7d64d5aa5cedc0 av_two_third  avia-builder-el-2  el_after_av_heading  avia-builder-el-last  legal first flex_column_div av-zero-column-padding  '     ><section  class='av_textblock_section av-k0cgue6q-4ce67dd899aaed1e3a3253eef295f3de '   itemscope=\"itemscope\" itemtype=\"https:\/\/schema.org\/CreativeWork\" ><div class='avia_textblock legal'  itemprop=\"text\" ><h2>Haftungsbeschr\u00e4nkungen<\/h2>\n<p>Obwohl der Domainhalter mit aller Sorgfalt auf die Richtigkeit der ver\u00f6ffentlichten Informationen achtet, kann hinsichtlich der inhaltlichen Richtigkeit, Genauigkeit, Aktualit\u00e4t, Zuverl\u00e4ssigkeit und Vollst\u00e4ndigkeit dieser Informationen keine Gew\u00e4hrleistung \u00fcbernommen werden.<\/p>\n<p>Der Domainhalter beh\u00e4lt sich ausdr\u00fccklich vor, jederzeit Inhalte ohne Ank\u00fcndigung ganz oder teilweise zu \u00e4ndern, zu l\u00f6schen oder zeitweise nicht zu ver\u00f6ffentlichen.<\/p>\n<p>Haftungsanspr\u00fcche gegen den Domainhalter wegen Sch\u00e4den materieller oder immaterieller Art, welche aus dem Zugriff oder der Nutzung bzw. Nichtnutzung der ver\u00f6ffentlichten Informationen, durch Missbrauch der Verbindung oder durch technische St\u00f6rungen entstanden sind, werden ausgeschlossen.<\/p>\n<h2>Verweise und Links<\/h2>\n<p>Verweise und Links auf Webseiten Dritter liegen ausserhalb des Verantwortungsbereichs des Domainhalters. Der Zugriff und die Nutzung solcher Webseiten erfolgen auf eigene Gefahr des Nutzers oder der Nutzerin. Der Domainhalter erkl\u00e4rt ausdr\u00fccklich, dass er keinerlei Einfluss auf die Gestaltung, den Inhalt und die Angebote der verkn\u00fcpften Seiten hat. Informationen und Dienstleistungen von verkn\u00fcpften Webseiten liegen vollumf\u00e4nglich in der Verantwortung des jeweiligen Dritten.<\/p>\n<p>Es wird jegliche Verantwortung f\u00fcr solche Webseiten abgelehnt.<\/p>\n<h2>Datenschutz<\/h2>\n<p>Gest\u00fctzt auf Artikel 13 der schweizerischen Bundesverfassung und die datenschutzrechtlichen Bestimmungen des Bundes hat jede Person Anspruch auf Schutz ihrer Privatsph\u00e4re sowie auf Schutz vor Missbrauch ihrer pers\u00f6nlichen Daten. Der Domainhalter h\u00e4lt diese Bestimmungen ein. Pers\u00f6nliche Daten werden streng vertraulich behandelt und weder an Dritte verkauft noch weiter gegeben.<\/p>\n<p>In enger Zusammenarbeit mit unseren Hosting-Providern bem\u00fchen wir uns, die Datenbanken so gut wie m\u00f6glich vor fremden Zugriffen, Verlusten, Missbrauch oder vor F\u00e4lschung zu sch\u00fctzen.<\/p>\n<p>Beim Zugriff auf unsere Webseiten werden folgende Daten in Logfiles gespeichert: IP-Adresse, Datum, Uhrzeit, Browser-Anfrage und allgemein \u00fcbertragene Informationen zum Betriebssystem respektive Browser.<\/p>\n<p>Diese Nutzungsdaten bilden die Basis f\u00fcr statistische, anonyme Auswertungen, so dass Trends erkennbar sind, anhand derer wir unser Angebot entsprechend verbessern k\u00f6nnen. Gem\u00e4ss Bundesgesetz betreffend die \u00dcberwachung des Post- und Fernmeldeverkehrs (B\u00dcPF) besteht eine gesetzliche Aufbewahrungspflicht f\u00fcr Verbindungsdaten der letzten sechs Monate.<\/p>\n<p>Bei der freiwilligen Kontaktaufnahme wird Ihre Email-Adresse in eine separate Datenbank aufgenommen, welche nicht mit den anonymen Logfiles verkn\u00fcpft wird. Sie haben jederzeit die M\u00f6glichkeit, Ihre Registrierung wieder r\u00fcckg\u00e4ngig zu machen.<\/p>\n<p>Weitere Informationen zum Datenschutz und zu Ihren Rechten finden Sie in unserer Datenschutzerkl\u00e4rung.<\/p>\n<h2>Copyright<\/h2>\n<p>Copyright Hotel de Moiry. Alle Rechte vorbehalten.<\/p>\n<p>Die auf den Websites des Domainhalters enthaltenen Informationen werden der \u00d6ffentlichkeit zug\u00e4nglich gemacht. Durch das Herunterladen oder Kopieren von Inhalten, Bildern, Fotos oder anderen Dateien werden keinerlei Rechte bez\u00fcglich der Inhalte \u00fcbertragen.<\/p>\n<p>Die Urheber- und alle anderen Rechte an Inhalten, Bildern, Fotos oder anderen Dateien auf den Webseiten des Domainhalters geh\u00f6ren ausschliesslich diesem oder den speziell genannten Rechtsinhabern. F\u00fcr die Reproduktion jeglicher Elemente ist die schriftliche Zustimmung der Urheberrechtstr\u00e4ger im Voraus einzuholen.<\/p>\n<p>Soweit nicht anders angegeben, sind alle Markenzeichen auf dieser Website markenrechtlich gesch\u00fctzt. Dies gilt insbesondere f\u00fcr unseren Markennamen, das Firmenlogo und s\u00e4mtliche Embleme. Alle Nutzungen sind vorbehalten.<\/p>\n<\/div><\/section><\/div>\n","protected":false},"excerpt":{"rendered":"","protected":false},"author":5,"featured_media":0,"parent":0,"menu_order":109,"comment_status":"closed","ping_status":"closed","template":"","meta":{"footnotes":"","_links_to":"","_links_to_target":""},"class_list":["post-21573","page","type-page","status-publish","hentry"],"yoast_head":"<!-- This site is optimized with the Yoast SEO plugin v27.5 - https:\/\/yoast.com\/product\/yoast-seo-wordpress\/ -->\n<title>Rechtliches - H\u00f4tel *** Restaurant de Moiry<\/title>\n<meta name=\"description\" content=\"Haftungsbeschr\u00e4nckungen - Copyright - Datenschutz - H\u00f4tel*** Restaurant de Moiry Valais\" \/>\n<meta name=\"robots\" content=\"index, follow, max-snippet:-1, max-image-preview:large, max-video-preview:-1\" \/>\n<link rel=\"canonical\" href=\"https:\/\/www.hotel-grimentz.ch\/de\/rechtliches\/\" \/>\n<meta property=\"og:locale\" content=\"de_DE\" \/>\n<meta property=\"og:type\" content=\"article\" \/>\n<meta property=\"og:title\" content=\"Rechtliches - H\u00f4tel *** Restaurant de Moiry\" \/>\n<meta property=\"og:description\" content=\"Haftungsbeschr\u00e4nckungen - Copyright - Datenschutz - H\u00f4tel*** Restaurant de Moiry Valais\" \/>\n<meta property=\"og:url\" content=\"https:\/\/www.hotel-grimentz.ch\/de\/rechtliches\/\" \/>\n<meta property=\"og:site_name\" content=\"H\u00f4tel *** Restaurant de Moiry\" \/>\n<meta property=\"article:modified_time\" content=\"2020-09-04T09:50:29+00:00\" \/>\n<meta name=\"twitter:card\" content=\"summary_large_image\" \/>\n<meta name=\"twitter:label1\" content=\"Gesch\u00e4tzte Lesezeit\" \/>\n\t<meta name=\"twitter:data1\" content=\"4\u00a0Minuten\" \/>\n<script type=\"application\/ld+json\" class=\"yoast-schema-graph\">{\"@context\":\"https:\\\/\\\/schema.org\",\"@graph\":[{\"@type\":\"WebPage\",\"@id\":\"https:\\\/\\\/www.hotel-grimentz.ch\\\/de\\\/rechtliches\\\/\",\"url\":\"https:\\\/\\\/www.hotel-grimentz.ch\\\/de\\\/rechtliches\\\/\",\"name\":\"Rechtliches - H\u00f4tel *** Restaurant de Moiry\",\"isPartOf\":{\"@id\":\"https:\\\/\\\/www.hotel-grimentz.ch\\\/#website\"},\"datePublished\":\"2019-09-09T13:52:49+00:00\",\"dateModified\":\"2020-09-04T09:50:29+00:00\",\"description\":\"Haftungsbeschr\u00e4nckungen - Copyright - Datenschutz - H\u00f4tel*** Restaurant de Moiry Valais\",\"breadcrumb\":{\"@id\":\"https:\\\/\\\/www.hotel-grimentz.ch\\\/de\\\/rechtliches\\\/#breadcrumb\"},\"inLanguage\":\"de\",\"potentialAction\":[{\"@type\":\"ReadAction\",\"target\":[\"https:\\\/\\\/www.hotel-grimentz.ch\\\/de\\\/rechtliches\\\/\"]}]},{\"@type\":\"BreadcrumbList\",\"@id\":\"https:\\\/\\\/www.hotel-grimentz.ch\\\/de\\\/rechtliches\\\/#breadcrumb\",\"itemListElement\":[{\"@type\":\"ListItem\",\"position\":1,\"name\":\"Startseite\",\"item\":\"https:\\\/\\\/www.hotel-grimentz.ch\\\/de\\\/\"},{\"@type\":\"ListItem\",\"position\":2,\"name\":\"Rechtliches\"}]},{\"@type\":\"WebSite\",\"@id\":\"https:\\\/\\\/www.hotel-grimentz.ch\\\/#website\",\"url\":\"https:\\\/\\\/www.hotel-grimentz.ch\\\/\",\"name\":\"H\u00f4tel *** Restaurant de Moiry\",\"description\":\"Walliser Gastfreundschaft in den Walliser Alpen\",\"potentialAction\":[{\"@type\":\"SearchAction\",\"target\":{\"@type\":\"EntryPoint\",\"urlTemplate\":\"https:\\\/\\\/www.hotel-grimentz.ch\\\/?s={search_term_string}\"},\"query-input\":{\"@type\":\"PropertyValueSpecification\",\"valueRequired\":true,\"valueName\":\"search_term_string\"}}],\"inLanguage\":\"de\"}]}<\/script>\n<!-- \/ Yoast SEO plugin. -->","yoast_head_json":{"title":"Rechtliches - H\u00f4tel *** Restaurant de Moiry","description":"Haftungsbeschr\u00e4nckungen - Copyright - Datenschutz - H\u00f4tel*** Restaurant de Moiry Valais","robots":{"index":"index","follow":"follow","max-snippet":"max-snippet:-1","max-image-preview":"max-image-preview:large","max-video-preview":"max-video-preview:-1"},"canonical":"https:\/\/www.hotel-grimentz.ch\/de\/rechtliches\/","og_locale":"de_DE","og_type":"article","og_title":"Rechtliches - H\u00f4tel *** Restaurant de Moiry","og_description":"Haftungsbeschr\u00e4nckungen - Copyright - Datenschutz - H\u00f4tel*** Restaurant de Moiry Valais","og_url":"https:\/\/www.hotel-grimentz.ch\/de\/rechtliches\/","og_site_name":"H\u00f4tel *** Restaurant de Moiry","article_modified_time":"2020-09-04T09:50:29+00:00","twitter_card":"summary_large_image","twitter_misc":{"Gesch\u00e4tzte Lesezeit":"4\u00a0Minuten"},"schema":{"@context":"https:\/\/schema.org","@graph":[{"@type":"WebPage","@id":"https:\/\/www.hotel-grimentz.ch\/de\/rechtliches\/","url":"https:\/\/www.hotel-grimentz.ch\/de\/rechtliches\/","name":"Rechtliches - H\u00f4tel *** Restaurant de Moiry","isPartOf":{"@id":"https:\/\/www.hotel-grimentz.ch\/#website"},"datePublished":"2019-09-09T13:52:49+00:00","dateModified":"2020-09-04T09:50:29+00:00","description":"Haftungsbeschr\u00e4nckungen - Copyright - Datenschutz - H\u00f4tel*** Restaurant de Moiry Valais","breadcrumb":{"@id":"https:\/\/www.hotel-grimentz.ch\/de\/rechtliches\/#breadcrumb"},"inLanguage":"de","potentialAction":[{"@type":"ReadAction","target":["https:\/\/www.hotel-grimentz.ch\/de\/rechtliches\/"]}]},{"@type":"BreadcrumbList","@id":"https:\/\/www.hotel-grimentz.ch\/de\/rechtliches\/#breadcrumb","itemListElement":[{"@type":"ListItem","position":1,"name":"Startseite","item":"https:\/\/www.hotel-grimentz.ch\/de\/"},{"@type":"ListItem","position":2,"name":"Rechtliches"}]},{"@type":"WebSite","@id":"https:\/\/www.hotel-grimentz.ch\/#website","url":"https:\/\/www.hotel-grimentz.ch\/","name":"H\u00f4tel *** Restaurant de Moiry","description":"Walliser Gastfreundschaft in den Walliser Alpen","potentialAction":[{"@type":"SearchAction","target":{"@type":"EntryPoint","urlTemplate":"https:\/\/www.hotel-grimentz.ch\/?s={search_term_string}"},"query-input":{"@type":"PropertyValueSpecification","valueRequired":true,"valueName":"search_term_string"}}],"inLanguage":"de"}]}},"publishpress_future_action":{"enabled":false,"date":"2026-05-16 04:51:15","action":"change-status","newStatus":"draft","terms":[],"taxonomy":"translation_priority","extraData":[]},"publishpress_future_workflow_manual_trigger":{"enabledWorkflows":[]},"_links":{"self":[{"href":"https:\/\/www.hotel-grimentz.ch\/de\/wp-json\/wp\/v2\/pages\/21573","targetHints":{"allow":["GET"]}}],"collection":[{"href":"https:\/\/www.hotel-grimentz.ch\/de\/wp-json\/wp\/v2\/pages"}],"about":[{"href":"https:\/\/www.hotel-grimentz.ch\/de\/wp-json\/wp\/v2\/types\/page"}],"author":[{"embeddable":true,"href":"https:\/\/www.hotel-grimentz.ch\/de\/wp-json\/wp\/v2\/users\/5"}],"replies":[{"embeddable":true,"href":"https:\/\/www.hotel-grimentz.ch\/de\/wp-json\/wp\/v2\/comments?post=21573"}],"version-history":[{"count":5,"href":"https:\/\/www.hotel-grimentz.ch\/de\/wp-json\/wp\/v2\/pages\/21573\/revisions"}],"predecessor-version":[{"id":23114,"href":"https:\/\/www.hotel-grimentz.ch\/de\/wp-json\/wp\/v2\/pages\/21573\/revisions\/23114"}],"wp:attachment":[{"href":"https:\/\/www.hotel-grimentz.ch\/de\/wp-json\/wp\/v2\/media?parent=21573"}],"curies":[{"name":"wp","href":"https:\/\/api.w.org\/{rel}","templated":true}]}}