{"id":21397,"date":"2020-09-09T11:58:02","date_gmt":"2020-09-09T09:58:02","guid":{"rendered":"https:\/\/www.hotel-grimentz.ch\/?page_id=21397"},"modified":"2020-09-09T11:58:02","modified_gmt":"2020-09-09T09:58:02","slug":"raclette-au-feu-de-bois","status":"publish","type":"page","link":"https:\/\/www.hotel-grimentz.ch\/de\/raclette-au-feu-de-bois\/","title":{"rendered":"Raclette au Feu de Bois"},"content":{"rendered":"\n<style type=\"text\/css\" data-created_by=\"avia_inline_auto\" id=\"style-css-av-5bkrlg7-9e31e331f3cb48fa8c96ea9f5f475413\">\n.flex_column.av-5bkrlg7-9e31e331f3cb48fa8c96ea9f5f475413{\nborder-radius:0px 0px 0px 0px;\npadding:0px 0px 0px 0px;\n}\n<\/style>\n<div  class='flex_column av-5bkrlg7-9e31e331f3cb48fa8c96ea9f5f475413 av_one_half  avia-builder-el-0  el_before_av_one_half  avia-builder-el-first  first flex_column_div av-zero-column-padding  '     ><section  class='av_textblock_section av-4vbe7h3-b8ad7f6748b5196bf5501b7706ce9505 '   itemscope=\"itemscope\" itemtype=\"https:\/\/schema.org\/CreativeWork\" ><div class='avia_textblock'  itemprop=\"text\" ><h2>La vraie Raclette au Feu de Bois<\/h2>\n<p><strong>\u00ab\u00a0Deux Valaisans travaillent leur vigne au milieu du <\/strong><strong>19\u00e8me si\u00e8cle. C\u2019est l\u2019automne et il fait froid. A midi, ils allument un feu pour se r\u00e9chauffer un peu. Comme repas ils ont amen\u00e9 un bout de pain de seigle, du fromage d\u2019alpage et du vin blanc du tonneau. Comme ils se tiennent tr\u00e8s proche du feu pour la chaleur, l\u2019un deux s\u2019aper\u00e7oit que son fromage commence \u00e0 couler. Pour ne rien perdre, il sort son couteau de vigne, appel\u00e9 raclette, et racle la partie fondue du fromage sur son pain.\u00a0\u00bb <\/strong><\/p>\n<p><strong>Ainsi est n\u00e9e la <a href=\"https:\/\/www.hotel-grimentz.ch\/copie-de-bienvenue-a-lhotel-restaurant-de-moiry-superieur-a-grimentz\/carte-hotel-de-moiry-grimentz\/#raclette\">Raclette au Feu de Bois<\/a>, que nous nous effor\u00e7ons de vous servir le plus authentiquement possible.<\/strong><\/p>\n<\/div><\/section><\/div>\n\n<style type=\"text\/css\" data-created_by=\"avia_inline_auto\" id=\"style-css-av-4gieyqf-7d4de2ac68af429110c8cbce09323600\">\n.flex_column.av-4gieyqf-7d4de2ac68af429110c8cbce09323600{\nborder-radius:0px 0px 0px 0px;\npadding:0px 0px 0px 0px;\n}\n<\/style>\n<div  class='flex_column av-4gieyqf-7d4de2ac68af429110c8cbce09323600 av_one_half  avia-builder-el-2  el_after_av_one_half  avia-builder-el-last  flex_column_div av-zero-column-padding  '     ><style type=\"text\/css\" data-created_by=\"avia_inline_auto\" id=\"style-css-av-3yqdzfb-dd0741a9a3446b8842b6361116afb48d\">\n.avia-image-container.av-3yqdzfb-dd0741a9a3446b8842b6361116afb48d img.avia_image{\nbox-shadow:none;\n}\n.avia-image-container.av-3yqdzfb-dd0741a9a3446b8842b6361116afb48d .av-image-caption-overlay-center{\ncolor:#ffffff;\n}\n<\/style>\n<div  class='avia-image-container av-3yqdzfb-dd0741a9a3446b8842b6361116afb48d av-styling- avia-align-center  avia-builder-el-3  avia-builder-el-no-sibling '   itemprop=\"image\" itemscope=\"itemscope\" itemtype=\"https:\/\/schema.org\/ImageObject\" ><div class=\"avia-image-container-inner\"><div class=\"avia-image-overlay-wrap\"><img decoding=\"async\" fetchpriority=\"high\" class='wp-image-17506 avia-img-lazy-loading-not-17506 avia_image ' src=\"https:\/\/www.hotel-grimentz.ch\/demoiry\/wp-content\/uploads\/Raclette-au-feu-de-bois.jpg\" alt='' title='Raclette am Holzfeuer'  height=\"1275\" width=\"1920\"  itemprop=\"thumbnailUrl\" srcset=\"https:\/\/www.hotel-grimentz.ch\/demoiry\/wp-content\/uploads\/Raclette-au-feu-de-bois.jpg 1920w, https:\/\/www.hotel-grimentz.ch\/demoiry\/wp-content\/uploads\/Raclette-au-feu-de-bois-250x166.jpg 250w, https:\/\/www.hotel-grimentz.ch\/demoiry\/wp-content\/uploads\/Raclette-au-feu-de-bois-580x385.jpg 580w, https:\/\/www.hotel-grimentz.ch\/demoiry\/wp-content\/uploads\/Raclette-au-feu-de-bois-1500x996.jpg 1500w, https:\/\/www.hotel-grimentz.ch\/demoiry\/wp-content\/uploads\/Raclette-au-feu-de-bois-705x468.jpg 705w, https:\/\/www.hotel-grimentz.ch\/demoiry\/wp-content\/uploads\/Raclette-au-feu-de-bois-450x299.jpg 450w\" sizes=\"(max-width: 1920px) 100vw, 1920px\" \/><\/div><\/div><\/div><\/div>\n","protected":false},"excerpt":{"rendered":"","protected":false},"author":5,"featured_media":0,"parent":0,"menu_order":123,"comment_status":"closed","ping_status":"closed","template":"","meta":{"footnotes":"","_links_to":"","_links_to_target":""},"class_list":["post-21397","page","type-page","status-publish","hentry"],"yoast_head":"<!-- This site is optimized with the Yoast SEO plugin v27.6 - https:\/\/yoast.com\/product\/yoast-seo-wordpress\/ -->\n<title>Raclette au Feu de Bois - H\u00f4tel *** Restaurant de Moiry<\/title>\n<meta name=\"description\" content=\"Entdecken Sie unser authentisches Raclette im Holzofen in idyllischer Umgebung - H\u00f4tel*** Restaurant de Moiry\" \/>\n<meta name=\"robots\" content=\"index, follow, max-snippet:-1, max-image-preview:large, max-video-preview:-1\" \/>\n<link rel=\"canonical\" href=\"https:\/\/www.hotel-grimentz.ch\/de\/raclette-au-feu-de-bois\/\" \/>\n<meta property=\"og:locale\" content=\"de_DE\" \/>\n<meta property=\"og:type\" content=\"article\" \/>\n<meta property=\"og:title\" content=\"Raclette au Feu de Bois - H\u00f4tel *** Restaurant de Moiry\" \/>\n<meta property=\"og:description\" content=\"Entdecken Sie unser authentisches Raclette im Holzofen in idyllischer Umgebung - H\u00f4tel*** Restaurant de Moiry\" \/>\n<meta property=\"og:url\" content=\"https:\/\/www.hotel-grimentz.ch\/de\/raclette-au-feu-de-bois\/\" \/>\n<meta property=\"og:site_name\" content=\"H\u00f4tel *** Restaurant de Moiry\" \/>\n<meta name=\"twitter:card\" content=\"summary_large_image\" \/>\n<meta name=\"twitter:label1\" content=\"Gesch\u00e4tzte Lesezeit\" \/>\n\t<meta name=\"twitter:data1\" content=\"2\u00a0Minuten\" \/>\n<script type=\"application\/ld+json\" class=\"yoast-schema-graph\">{\"@context\":\"https:\\\/\\\/schema.org\",\"@graph\":[{\"@type\":\"WebPage\",\"@id\":\"https:\\\/\\\/www.hotel-grimentz.ch\\\/de\\\/raclette-au-feu-de-bois\\\/\",\"url\":\"https:\\\/\\\/www.hotel-grimentz.ch\\\/de\\\/raclette-au-feu-de-bois\\\/\",\"name\":\"Raclette au Feu de Bois - H\u00f4tel *** Restaurant de Moiry\",\"isPartOf\":{\"@id\":\"https:\\\/\\\/www.hotel-grimentz.ch\\\/#website\"},\"datePublished\":\"2020-09-09T09:58:02+00:00\",\"description\":\"Entdecken Sie unser authentisches Raclette im Holzofen in idyllischer Umgebung - H\u00f4tel*** Restaurant de Moiry\",\"breadcrumb\":{\"@id\":\"https:\\\/\\\/www.hotel-grimentz.ch\\\/de\\\/raclette-au-feu-de-bois\\\/#breadcrumb\"},\"inLanguage\":\"de\",\"potentialAction\":[{\"@type\":\"ReadAction\",\"target\":[\"https:\\\/\\\/www.hotel-grimentz.ch\\\/de\\\/raclette-au-feu-de-bois\\\/\"]}]},{\"@type\":\"BreadcrumbList\",\"@id\":\"https:\\\/\\\/www.hotel-grimentz.ch\\\/de\\\/raclette-au-feu-de-bois\\\/#breadcrumb\",\"itemListElement\":[{\"@type\":\"ListItem\",\"position\":1,\"name\":\"Startseite\",\"item\":\"https:\\\/\\\/www.hotel-grimentz.ch\\\/de\\\/\"},{\"@type\":\"ListItem\",\"position\":2,\"name\":\"Raclette au Feu de Bois\"}]},{\"@type\":\"WebSite\",\"@id\":\"https:\\\/\\\/www.hotel-grimentz.ch\\\/#website\",\"url\":\"https:\\\/\\\/www.hotel-grimentz.ch\\\/\",\"name\":\"H\u00f4tel *** Restaurant de Moiry\",\"description\":\"Walliser Gastfreundschaft in den Walliser Alpen\",\"potentialAction\":[{\"@type\":\"SearchAction\",\"target\":{\"@type\":\"EntryPoint\",\"urlTemplate\":\"https:\\\/\\\/www.hotel-grimentz.ch\\\/?s={search_term_string}\"},\"query-input\":{\"@type\":\"PropertyValueSpecification\",\"valueRequired\":true,\"valueName\":\"search_term_string\"}}],\"inLanguage\":\"de\"}]}<\/script>\n<!-- \/ Yoast SEO plugin. -->","yoast_head_json":{"title":"Raclette au Feu de Bois - H\u00f4tel *** Restaurant de Moiry","description":"Entdecken Sie unser authentisches Raclette im Holzofen in idyllischer Umgebung - H\u00f4tel*** Restaurant de Moiry","robots":{"index":"index","follow":"follow","max-snippet":"max-snippet:-1","max-image-preview":"max-image-preview:large","max-video-preview":"max-video-preview:-1"},"canonical":"https:\/\/www.hotel-grimentz.ch\/de\/raclette-au-feu-de-bois\/","og_locale":"de_DE","og_type":"article","og_title":"Raclette au Feu de Bois - H\u00f4tel *** Restaurant de Moiry","og_description":"Entdecken Sie unser authentisches Raclette im Holzofen in idyllischer Umgebung - H\u00f4tel*** Restaurant de Moiry","og_url":"https:\/\/www.hotel-grimentz.ch\/de\/raclette-au-feu-de-bois\/","og_site_name":"H\u00f4tel *** Restaurant de Moiry","twitter_card":"summary_large_image","twitter_misc":{"Gesch\u00e4tzte Lesezeit":"2\u00a0Minuten"},"schema":{"@context":"https:\/\/schema.org","@graph":[{"@type":"WebPage","@id":"https:\/\/www.hotel-grimentz.ch\/de\/raclette-au-feu-de-bois\/","url":"https:\/\/www.hotel-grimentz.ch\/de\/raclette-au-feu-de-bois\/","name":"Raclette au Feu de Bois - H\u00f4tel *** Restaurant de Moiry","isPartOf":{"@id":"https:\/\/www.hotel-grimentz.ch\/#website"},"datePublished":"2020-09-09T09:58:02+00:00","description":"Entdecken Sie unser authentisches Raclette im Holzofen in idyllischer Umgebung - H\u00f4tel*** Restaurant de Moiry","breadcrumb":{"@id":"https:\/\/www.hotel-grimentz.ch\/de\/raclette-au-feu-de-bois\/#breadcrumb"},"inLanguage":"de","potentialAction":[{"@type":"ReadAction","target":["https:\/\/www.hotel-grimentz.ch\/de\/raclette-au-feu-de-bois\/"]}]},{"@type":"BreadcrumbList","@id":"https:\/\/www.hotel-grimentz.ch\/de\/raclette-au-feu-de-bois\/#breadcrumb","itemListElement":[{"@type":"ListItem","position":1,"name":"Startseite","item":"https:\/\/www.hotel-grimentz.ch\/de\/"},{"@type":"ListItem","position":2,"name":"Raclette au Feu de Bois"}]},{"@type":"WebSite","@id":"https:\/\/www.hotel-grimentz.ch\/#website","url":"https:\/\/www.hotel-grimentz.ch\/","name":"H\u00f4tel *** Restaurant de Moiry","description":"Walliser Gastfreundschaft in den Walliser Alpen","potentialAction":[{"@type":"SearchAction","target":{"@type":"EntryPoint","urlTemplate":"https:\/\/www.hotel-grimentz.ch\/?s={search_term_string}"},"query-input":{"@type":"PropertyValueSpecification","valueRequired":true,"valueName":"search_term_string"}}],"inLanguage":"de"}]}},"publishpress_future_action":{"enabled":false,"date":"2026-05-24 05:07:39","action":"change-status","newStatus":"draft","terms":[],"taxonomy":"translation_priority","extraData":[]},"publishpress_future_workflow_manual_trigger":{"enabledWorkflows":[]},"_links":{"self":[{"href":"https:\/\/www.hotel-grimentz.ch\/de\/wp-json\/wp\/v2\/pages\/21397","targetHints":{"allow":["GET"]}}],"collection":[{"href":"https:\/\/www.hotel-grimentz.ch\/de\/wp-json\/wp\/v2\/pages"}],"about":[{"href":"https:\/\/www.hotel-grimentz.ch\/de\/wp-json\/wp\/v2\/types\/page"}],"author":[{"embeddable":true,"href":"https:\/\/www.hotel-grimentz.ch\/de\/wp-json\/wp\/v2\/users\/5"}],"replies":[{"embeddable":true,"href":"https:\/\/www.hotel-grimentz.ch\/de\/wp-json\/wp\/v2\/comments?post=21397"}],"version-history":[{"count":4,"href":"https:\/\/www.hotel-grimentz.ch\/de\/wp-json\/wp\/v2\/pages\/21397\/revisions"}],"predecessor-version":[{"id":23153,"href":"https:\/\/www.hotel-grimentz.ch\/de\/wp-json\/wp\/v2\/pages\/21397\/revisions\/23153"}],"wp:attachment":[{"href":"https:\/\/www.hotel-grimentz.ch\/de\/wp-json\/wp\/v2\/media?parent=21397"}],"curies":[{"name":"wp","href":"https:\/\/api.w.org\/{rel}","templated":true}]}}