{"id":17730,"date":"2015-10-20T11:12:43","date_gmt":"2015-10-20T09:12:43","guid":{"rendered":"http:\/\/www.hotel-grimentz.ch\/de\/?page_id=17730"},"modified":"2020-09-09T11:31:51","modified_gmt":"2020-09-09T09:31:51","slug":"links","status":"publish","type":"page","link":"https:\/\/www.hotel-grimentz.ch\/de\/links\/","title":{"rendered":"Links"},"content":{"rendered":"<div id='av_section_1'  class='avia-section av-12oj4gy-f4569d31d10cbef56be002faaa9b0002 main_color avia-section-default avia-no-border-styling  avia-builder-el-0  avia-builder-el-no-sibling  avia-bg-style-scroll container_wrap fullsize'  ><div class='container av-section-cont-open' ><main  role=\"main\" itemprop=\"mainContentOfPage\"  class='template-page content  av-content-full alpha units'><div class='post-entry post-entry-type-page post-entry-17730'><div class='entry-content-wrapper clearfix'>\n\n<style type=\"text\/css\" data-created_by=\"avia_inline_auto\" id=\"style-css-av-av_heading-dd989c2bc1e9330191b7e06777eefda7\">\n#top .av-special-heading.av-av_heading-dd989c2bc1e9330191b7e06777eefda7{\npadding-bottom:30px;\n}\nbody .av-special-heading.av-av_heading-dd989c2bc1e9330191b7e06777eefda7 .av-special-heading-tag .heading-char{\nfont-size:25px;\n}\n.av-special-heading.av-av_heading-dd989c2bc1e9330191b7e06777eefda7 .av-subheading{\nfont-size:15px;\n}\n<\/style>\n<div  class='av-special-heading av-av_heading-dd989c2bc1e9330191b7e06777eefda7 av-special-heading-h1 blockquote modern-quote  avia-builder-el-1  el_before_av_textblock  avia-builder-el-first '><h1 class='av-special-heading-tag'  itemprop=\"headline\"  >Links<\/h1><div class=\"special-heading-border\"><div class=\"special-heading-inner-border\"><\/div><\/div><\/div>\n<section  class='av_textblock_section av-jzwninhl-c79b53e68cba7aa0fd682105c6c44ae7 '   itemscope=\"itemscope\" itemtype=\"https:\/\/schema.org\/CreativeWork\" ><div class='avia_textblock'  itemprop=\"text\" ><h2>Tourismus<\/h2>\n<ul>\n<li><a title=\"www.grimentz-stjean.ch\" href=\"https:\/\/www.grimentz-stjean.ch\" target=\"_blank\" rel=\"noopener noreferrer\">Office de tourisme Grimentz<\/a><\/li>\n<li><a title=\"www.sierre-anniviers.ch\" href=\"https:\/\/www.sierre-anniviers.ch\" target=\"_blank\" rel=\"noopener noreferrer\">La destination Sierre-Anniviers<\/a><\/li>\n<li><a title=\"www.valais.ch\" href=\"https:\/\/www.valais.ch\" target=\"_blank\" rel=\"noopener noreferrer\">Valais tourisme<\/a><\/li>\n<\/ul>\n<h2>Ski<\/h2>\n<ul>\n<li><a href=\"http:\/\/www.ess-grimentz.ch\/de\/home-2\/\" target=\"_blank\" rel=\"noopener noreferrer\">Ecole Suisse de ski de Grimentz<\/a><\/li>\n<li><a title=\"www.grimentzchristine.blogspot.com\/\" href=\"http:\/\/grimentz-ski.com\/home.php?pages=philosophie\" target=\"_blank\" rel=\"noopener noreferrer\">Christine, votre prof de ski<\/a><\/li>\n<li><a title=\"www.rma.ch\/\" href=\"https:\/\/www.rma.ch\/\" target=\"_blank\" rel=\"noopener noreferrer\">Remont\u00e9es m\u00e9caniques de Grimentz<\/a><\/li>\n<\/ul>\n<h2>Hotel<\/h2>\n<ul>\n<li>\u00a0<a title=\"www.vs-hotel.ch\/\" href=\"http:\/\/hotel-valais.swiss\/fr\/pub\/wallis.htm\" target=\"_blank\" rel=\"noopener noreferrer\">Association h\u00f4teli\u00e8re du Valais<\/a><\/li>\n<li><a title=\"www.ritzyinfo.ch\" href=\"http:\/\/www.ritzy.ch\/de\" target=\"_blank\" rel=\"noopener noreferrer\">ritzy*<\/a><\/li>\n<\/ul>\n<h2>Kosmetik<\/h2>\n<ul>\n<li><a title=\"www.heidi-esth\u00e9tique\" href=\"https:\/\/www.heidi-esthetique.ch\" target=\"_blank\" rel=\"noopener noreferrer\">Heidi Esth\u00e9tique<\/a><\/li>\n<\/ul>\n<\/div><\/section>\n\n","protected":false},"excerpt":{"rendered":"","protected":false},"author":4,"featured_media":0,"parent":0,"menu_order":103,"comment_status":"closed","ping_status":"open","template":"","meta":{"footnotes":"","_links_to":"","_links_to_target":""},"class_list":["post-17730","page","type-page","status-publish","hentry"],"yoast_head":"<!-- This site is optimized with the Yoast SEO plugin v27.3 - https:\/\/yoast.com\/product\/yoast-seo-wordpress\/ -->\n<title>Links - H\u00f4tel *** Restaurant de Moiry<\/title>\n<meta name=\"description\" content=\"Hier finden Sie die Links, die f\u00fcr Ihren Aufenthalt bei uns n\u00fctzlich sein werden - H\u00f4tel*** Restaurant de Moiry\" \/>\n<meta name=\"robots\" content=\"index, follow, max-snippet:-1, max-image-preview:large, max-video-preview:-1\" \/>\n<link rel=\"canonical\" href=\"https:\/\/www.hotel-grimentz.ch\/de\/links\/\" \/>\n<meta property=\"og:locale\" content=\"de_DE\" \/>\n<meta property=\"og:type\" content=\"article\" \/>\n<meta property=\"og:title\" content=\"Links - H\u00f4tel *** Restaurant de Moiry\" \/>\n<meta property=\"og:description\" content=\"Hier finden Sie die Links, die f\u00fcr Ihren Aufenthalt bei uns n\u00fctzlich sein werden - H\u00f4tel*** Restaurant de Moiry\" \/>\n<meta property=\"og:url\" content=\"https:\/\/www.hotel-grimentz.ch\/de\/links\/\" \/>\n<meta property=\"og:site_name\" content=\"H\u00f4tel *** Restaurant de Moiry\" \/>\n<meta property=\"article:modified_time\" content=\"2020-09-09T09:31:51+00:00\" \/>\n<meta name=\"twitter:card\" content=\"summary_large_image\" \/>\n<meta name=\"twitter:label1\" content=\"Gesch\u00e4tzte Lesezeit\" \/>\n\t<meta name=\"twitter:data1\" content=\"1\u00a0Minute\" \/>\n<script type=\"application\/ld+json\" class=\"yoast-schema-graph\">{\"@context\":\"https:\\\/\\\/schema.org\",\"@graph\":[{\"@type\":\"WebPage\",\"@id\":\"https:\\\/\\\/www.hotel-grimentz.ch\\\/de\\\/links\\\/\",\"url\":\"https:\\\/\\\/www.hotel-grimentz.ch\\\/de\\\/links\\\/\",\"name\":\"Links - H\u00f4tel *** Restaurant de Moiry\",\"isPartOf\":{\"@id\":\"https:\\\/\\\/www.hotel-grimentz.ch\\\/#website\"},\"datePublished\":\"2015-10-20T09:12:43+00:00\",\"dateModified\":\"2020-09-09T09:31:51+00:00\",\"description\":\"Hier finden Sie die Links, die f\u00fcr Ihren Aufenthalt bei uns n\u00fctzlich sein werden - H\u00f4tel*** Restaurant de Moiry\",\"breadcrumb\":{\"@id\":\"https:\\\/\\\/www.hotel-grimentz.ch\\\/de\\\/links\\\/#breadcrumb\"},\"inLanguage\":\"de\",\"potentialAction\":[{\"@type\":\"ReadAction\",\"target\":[\"https:\\\/\\\/www.hotel-grimentz.ch\\\/de\\\/links\\\/\"]}]},{\"@type\":\"BreadcrumbList\",\"@id\":\"https:\\\/\\\/www.hotel-grimentz.ch\\\/de\\\/links\\\/#breadcrumb\",\"itemListElement\":[{\"@type\":\"ListItem\",\"position\":1,\"name\":\"Startseite\",\"item\":\"https:\\\/\\\/www.hotel-grimentz.ch\\\/de\\\/\"},{\"@type\":\"ListItem\",\"position\":2,\"name\":\"Links\"}]},{\"@type\":\"WebSite\",\"@id\":\"https:\\\/\\\/www.hotel-grimentz.ch\\\/#website\",\"url\":\"https:\\\/\\\/www.hotel-grimentz.ch\\\/\",\"name\":\"H\u00f4tel *** Restaurant de Moiry\",\"description\":\"Walliser Gastfreundschaft in den Walliser Alpen\",\"potentialAction\":[{\"@type\":\"SearchAction\",\"target\":{\"@type\":\"EntryPoint\",\"urlTemplate\":\"https:\\\/\\\/www.hotel-grimentz.ch\\\/?s={search_term_string}\"},\"query-input\":{\"@type\":\"PropertyValueSpecification\",\"valueRequired\":true,\"valueName\":\"search_term_string\"}}],\"inLanguage\":\"de\"}]}<\/script>\n<!-- \/ Yoast SEO plugin. -->","yoast_head_json":{"title":"Links - H\u00f4tel *** Restaurant de Moiry","description":"Hier finden Sie die Links, die f\u00fcr Ihren Aufenthalt bei uns n\u00fctzlich sein werden - H\u00f4tel*** Restaurant de Moiry","robots":{"index":"index","follow":"follow","max-snippet":"max-snippet:-1","max-image-preview":"max-image-preview:large","max-video-preview":"max-video-preview:-1"},"canonical":"https:\/\/www.hotel-grimentz.ch\/de\/links\/","og_locale":"de_DE","og_type":"article","og_title":"Links - H\u00f4tel *** Restaurant de Moiry","og_description":"Hier finden Sie die Links, die f\u00fcr Ihren Aufenthalt bei uns n\u00fctzlich sein werden - H\u00f4tel*** Restaurant de Moiry","og_url":"https:\/\/www.hotel-grimentz.ch\/de\/links\/","og_site_name":"H\u00f4tel *** Restaurant de Moiry","article_modified_time":"2020-09-09T09:31:51+00:00","twitter_card":"summary_large_image","twitter_misc":{"Gesch\u00e4tzte Lesezeit":"1\u00a0Minute"},"schema":{"@context":"https:\/\/schema.org","@graph":[{"@type":"WebPage","@id":"https:\/\/www.hotel-grimentz.ch\/de\/links\/","url":"https:\/\/www.hotel-grimentz.ch\/de\/links\/","name":"Links - H\u00f4tel *** Restaurant de Moiry","isPartOf":{"@id":"https:\/\/www.hotel-grimentz.ch\/#website"},"datePublished":"2015-10-20T09:12:43+00:00","dateModified":"2020-09-09T09:31:51+00:00","description":"Hier finden Sie die Links, die f\u00fcr Ihren Aufenthalt bei uns n\u00fctzlich sein werden - H\u00f4tel*** Restaurant de Moiry","breadcrumb":{"@id":"https:\/\/www.hotel-grimentz.ch\/de\/links\/#breadcrumb"},"inLanguage":"de","potentialAction":[{"@type":"ReadAction","target":["https:\/\/www.hotel-grimentz.ch\/de\/links\/"]}]},{"@type":"BreadcrumbList","@id":"https:\/\/www.hotel-grimentz.ch\/de\/links\/#breadcrumb","itemListElement":[{"@type":"ListItem","position":1,"name":"Startseite","item":"https:\/\/www.hotel-grimentz.ch\/de\/"},{"@type":"ListItem","position":2,"name":"Links"}]},{"@type":"WebSite","@id":"https:\/\/www.hotel-grimentz.ch\/#website","url":"https:\/\/www.hotel-grimentz.ch\/","name":"H\u00f4tel *** Restaurant de Moiry","description":"Walliser Gastfreundschaft in den Walliser Alpen","potentialAction":[{"@type":"SearchAction","target":{"@type":"EntryPoint","urlTemplate":"https:\/\/www.hotel-grimentz.ch\/?s={search_term_string}"},"query-input":{"@type":"PropertyValueSpecification","valueRequired":true,"valueName":"search_term_string"}}],"inLanguage":"de"}]}},"publishpress_future_action":{"enabled":false,"date":"2026-04-15 05:21:15","action":"change-status","newStatus":"draft","terms":[],"taxonomy":"translation_priority","extraData":[]},"publishpress_future_workflow_manual_trigger":{"enabledWorkflows":[]},"_links":{"self":[{"href":"https:\/\/www.hotel-grimentz.ch\/de\/wp-json\/wp\/v2\/pages\/17730","targetHints":{"allow":["GET"]}}],"collection":[{"href":"https:\/\/www.hotel-grimentz.ch\/de\/wp-json\/wp\/v2\/pages"}],"about":[{"href":"https:\/\/www.hotel-grimentz.ch\/de\/wp-json\/wp\/v2\/types\/page"}],"author":[{"embeddable":true,"href":"https:\/\/www.hotel-grimentz.ch\/de\/wp-json\/wp\/v2\/users\/4"}],"replies":[{"embeddable":true,"href":"https:\/\/www.hotel-grimentz.ch\/de\/wp-json\/wp\/v2\/comments?post=17730"}],"version-history":[{"count":7,"href":"https:\/\/www.hotel-grimentz.ch\/de\/wp-json\/wp\/v2\/pages\/17730\/revisions"}],"predecessor-version":[{"id":23136,"href":"https:\/\/www.hotel-grimentz.ch\/de\/wp-json\/wp\/v2\/pages\/17730\/revisions\/23136"}],"wp:attachment":[{"href":"https:\/\/www.hotel-grimentz.ch\/de\/wp-json\/wp\/v2\/media?parent=17730"}],"curies":[{"name":"wp","href":"https:\/\/api.w.org\/{rel}","templated":true}]}}