{"id":15291,"date":"2015-01-22T11:54:57","date_gmt":"2015-01-22T10:54:57","guid":{"rendered":"http:\/\/www.hotel-grimentz.ch\/?page_id=15291"},"modified":"2020-09-09T14:15:11","modified_gmt":"2020-09-09T12:15:11","slug":"skitouren-grimentz-val-danniviers","status":"publish","type":"page","link":"https:\/\/www.hotel-grimentz.ch\/de\/skitouren-grimentz-val-danniviers\/","title":{"rendered":"Skitouren Grimentz Val d&#8217;Anniviers"},"content":{"rendered":"\n<style type=\"text\/css\" data-created_by=\"avia_inline_auto\" id=\"style-css-av-av_heading-b55ad6f6c0f0fa89105fe04f39b9e10c\">\n#top .av-special-heading.av-av_heading-b55ad6f6c0f0fa89105fe04f39b9e10c{\npadding-bottom:10px;\n}\nbody .av-special-heading.av-av_heading-b55ad6f6c0f0fa89105fe04f39b9e10c .av-special-heading-tag .heading-char{\nfont-size:25px;\n}\n.av-special-heading.av-av_heading-b55ad6f6c0f0fa89105fe04f39b9e10c .av-subheading{\nfont-size:15px;\n}\n<\/style>\n<div  class='av-special-heading av-av_heading-b55ad6f6c0f0fa89105fe04f39b9e10c av-special-heading-h1 blockquote modern-quote modern-centered  avia-builder-el-0  el_before_av_one_half  avia-builder-el-first '><h1 class='av-special-heading-tag'  itemprop=\"headline\"  >Skitouren in Grimentz, Val d\u2019Anniviers<\/h1><div class=\"special-heading-border\"><div class=\"special-heading-inner-border\"><\/div><\/div><\/div>\n\n<style type=\"text\/css\" data-created_by=\"avia_inline_auto\" id=\"style-css-av-20e523f-9ae841028a557d8841165e0052ba76b2\">\n.flex_column.av-20e523f-9ae841028a557d8841165e0052ba76b2{\nborder-radius:0px 0px 0px 0px;\npadding:0px 0px 0px 0px;\n}\n<\/style>\n<div  class='flex_column av-20e523f-9ae841028a557d8841165e0052ba76b2 av_one_half  avia-builder-el-1  el_after_av_heading  el_before_av_one_half  first flex_column_div av-zero-column-padding  '     ><style type=\"text\/css\" data-created_by=\"avia_inline_auto\" id=\"style-css-av-1q009jv-34dc6598182c6e57e9b47219fa856aaa\">\n.avia-image-container.av-1q009jv-34dc6598182c6e57e9b47219fa856aaa img.avia_image{\nbox-shadow:none;\n}\n.avia-image-container.av-1q009jv-34dc6598182c6e57e9b47219fa856aaa .av-image-caption-overlay-center{\ncolor:#ffffff;\n}\n<\/style>\n<div  class='avia-image-container av-1q009jv-34dc6598182c6e57e9b47219fa856aaa av-styling- avia-align-center  avia-builder-el-2  avia-builder-el-no-sibling '   itemprop=\"image\" itemscope=\"itemscope\" itemtype=\"https:\/\/schema.org\/ImageObject\" ><div class=\"avia-image-container-inner\"><div class=\"avia-image-overlay-wrap\"><img decoding=\"async\" fetchpriority=\"high\" class='wp-image-20728 avia-img-lazy-loading-not-20728 avia_image ' src=\"https:\/\/www.hotel-grimentz.ch\/demoiry\/wp-content\/uploads\/skitour-grimentz-1500x630.jpg\" alt='Skitour Grimentz Val d&#039;Anniviers - Hotel de Moiry Grimentz' title='Skitour Grimentz Val d&#039;Anniviers - Hotel de  Moiry Grimentz'  height=\"630\" width=\"1500\"  itemprop=\"thumbnailUrl\"  \/><\/div><\/div><\/div><\/div>\n<style type=\"text\/css\" data-created_by=\"avia_inline_auto\" id=\"style-css-av-16s054r-02bd8e2e494462ef7e738d355855488b\">\n.flex_column.av-16s054r-02bd8e2e494462ef7e738d355855488b{\nborder-radius:0px 0px 0px 0px;\npadding:0px 0px 0px 0px;\n}\n<\/style>\n<div  class='flex_column av-16s054r-02bd8e2e494462ef7e738d355855488b av_one_half  avia-builder-el-3  el_after_av_one_half  avia-builder-el-last  flex_column_div av-zero-column-padding  '     ><section  class='av_textblock_section av-s8949n-aeb6d937fc49ad1a598db2ecb47d559f '   itemscope=\"itemscope\" itemtype=\"https:\/\/schema.org\/CreativeWork\" ><div class='avia_textblock'  itemprop=\"text\" ><p>Auf Ihren Skitouren rund um Grimentz herum entdecken Sie noch unber\u00fchrte Berglandschaften, in denen Sie sich ganz alleine vor unseren imposanten Walliser Bergen befinden. Aurel Salamin, Bergf\u00fchrer, steht Ihnen gerne f\u00fcr eine Tour zur Verf\u00fcgung.<\/p>\n<\/div><\/section><\/div><\/p>\n","protected":false},"excerpt":{"rendered":"","protected":false},"author":4,"featured_media":0,"parent":0,"menu_order":127,"comment_status":"closed","ping_status":"open","template":"","meta":{"footnotes":"","_links_to":"","_links_to_target":""},"class_list":["post-15291","page","type-page","status-publish","hentry"],"yoast_head":"<!-- This site is optimized with the Yoast SEO plugin v27.5 - https:\/\/yoast.com\/product\/yoast-seo-wordpress\/ -->\n<title>Skitouren in Grimentz, Val d&#039;Anniviers<\/title>\n<meta name=\"description\" content=\"Entdecken Sie die verschneiten H\u00e4nge des Tals in einer wilden und unber\u00fchrten Natur. Hotel de Moiry\" \/>\n<meta name=\"robots\" content=\"index, follow, max-snippet:-1, max-image-preview:large, max-video-preview:-1\" \/>\n<link rel=\"canonical\" href=\"https:\/\/www.hotel-grimentz.ch\/de\/skitouren-grimentz-val-danniviers\/\" \/>\n<meta property=\"og:locale\" content=\"de_DE\" \/>\n<meta property=\"og:type\" content=\"article\" \/>\n<meta property=\"og:title\" content=\"Skitouren in Grimentz, Val d&#039;Anniviers\" \/>\n<meta property=\"og:description\" content=\"Entdecken Sie die verschneiten H\u00e4nge des Tals in einer wilden und unber\u00fchrten Natur. Hotel de Moiry\" \/>\n<meta property=\"og:url\" content=\"https:\/\/www.hotel-grimentz.ch\/de\/skitouren-grimentz-val-danniviers\/\" \/>\n<meta property=\"og:site_name\" content=\"H\u00f4tel *** Restaurant de Moiry\" \/>\n<meta property=\"article:modified_time\" content=\"2020-09-09T12:15:11+00:00\" \/>\n<meta name=\"twitter:card\" content=\"summary_large_image\" \/>\n<meta name=\"twitter:label1\" content=\"Gesch\u00e4tzte Lesezeit\" \/>\n\t<meta name=\"twitter:data1\" content=\"2\u00a0Minuten\" \/>\n<script type=\"application\/ld+json\" class=\"yoast-schema-graph\">{\"@context\":\"https:\\\/\\\/schema.org\",\"@graph\":[{\"@type\":\"WebPage\",\"@id\":\"https:\\\/\\\/www.hotel-grimentz.ch\\\/de\\\/skitouren-grimentz-val-danniviers\\\/\",\"url\":\"https:\\\/\\\/www.hotel-grimentz.ch\\\/de\\\/skitouren-grimentz-val-danniviers\\\/\",\"name\":\"Skitouren in Grimentz, Val d'Anniviers\",\"isPartOf\":{\"@id\":\"https:\\\/\\\/www.hotel-grimentz.ch\\\/#website\"},\"datePublished\":\"2015-01-22T10:54:57+00:00\",\"dateModified\":\"2020-09-09T12:15:11+00:00\",\"description\":\"Entdecken Sie die verschneiten H\u00e4nge des Tals in einer wilden und unber\u00fchrten Natur. Hotel de Moiry\",\"breadcrumb\":{\"@id\":\"https:\\\/\\\/www.hotel-grimentz.ch\\\/de\\\/skitouren-grimentz-val-danniviers\\\/#breadcrumb\"},\"inLanguage\":\"de\",\"potentialAction\":[{\"@type\":\"ReadAction\",\"target\":[\"https:\\\/\\\/www.hotel-grimentz.ch\\\/de\\\/skitouren-grimentz-val-danniviers\\\/\"]}]},{\"@type\":\"BreadcrumbList\",\"@id\":\"https:\\\/\\\/www.hotel-grimentz.ch\\\/de\\\/skitouren-grimentz-val-danniviers\\\/#breadcrumb\",\"itemListElement\":[{\"@type\":\"ListItem\",\"position\":1,\"name\":\"Startseite\",\"item\":\"https:\\\/\\\/www.hotel-grimentz.ch\\\/de\\\/\"},{\"@type\":\"ListItem\",\"position\":2,\"name\":\"Skitouren Grimentz Val d&#8217;Anniviers\"}]},{\"@type\":\"WebSite\",\"@id\":\"https:\\\/\\\/www.hotel-grimentz.ch\\\/#website\",\"url\":\"https:\\\/\\\/www.hotel-grimentz.ch\\\/\",\"name\":\"H\u00f4tel *** Restaurant de Moiry\",\"description\":\"Walliser Gastfreundschaft in den Walliser Alpen\",\"potentialAction\":[{\"@type\":\"SearchAction\",\"target\":{\"@type\":\"EntryPoint\",\"urlTemplate\":\"https:\\\/\\\/www.hotel-grimentz.ch\\\/?s={search_term_string}\"},\"query-input\":{\"@type\":\"PropertyValueSpecification\",\"valueRequired\":true,\"valueName\":\"search_term_string\"}}],\"inLanguage\":\"de\"}]}<\/script>\n<!-- \/ Yoast SEO plugin. -->","yoast_head_json":{"title":"Skitouren in Grimentz, Val d'Anniviers","description":"Entdecken Sie die verschneiten H\u00e4nge des Tals in einer wilden und unber\u00fchrten Natur. Hotel de Moiry","robots":{"index":"index","follow":"follow","max-snippet":"max-snippet:-1","max-image-preview":"max-image-preview:large","max-video-preview":"max-video-preview:-1"},"canonical":"https:\/\/www.hotel-grimentz.ch\/de\/skitouren-grimentz-val-danniviers\/","og_locale":"de_DE","og_type":"article","og_title":"Skitouren in Grimentz, Val d'Anniviers","og_description":"Entdecken Sie die verschneiten H\u00e4nge des Tals in einer wilden und unber\u00fchrten Natur. Hotel de Moiry","og_url":"https:\/\/www.hotel-grimentz.ch\/de\/skitouren-grimentz-val-danniviers\/","og_site_name":"H\u00f4tel *** Restaurant de Moiry","article_modified_time":"2020-09-09T12:15:11+00:00","twitter_card":"summary_large_image","twitter_misc":{"Gesch\u00e4tzte Lesezeit":"2\u00a0Minuten"},"schema":{"@context":"https:\/\/schema.org","@graph":[{"@type":"WebPage","@id":"https:\/\/www.hotel-grimentz.ch\/de\/skitouren-grimentz-val-danniviers\/","url":"https:\/\/www.hotel-grimentz.ch\/de\/skitouren-grimentz-val-danniviers\/","name":"Skitouren in Grimentz, Val d'Anniviers","isPartOf":{"@id":"https:\/\/www.hotel-grimentz.ch\/#website"},"datePublished":"2015-01-22T10:54:57+00:00","dateModified":"2020-09-09T12:15:11+00:00","description":"Entdecken Sie die verschneiten H\u00e4nge des Tals in einer wilden und unber\u00fchrten Natur. Hotel de Moiry","breadcrumb":{"@id":"https:\/\/www.hotel-grimentz.ch\/de\/skitouren-grimentz-val-danniviers\/#breadcrumb"},"inLanguage":"de","potentialAction":[{"@type":"ReadAction","target":["https:\/\/www.hotel-grimentz.ch\/de\/skitouren-grimentz-val-danniviers\/"]}]},{"@type":"BreadcrumbList","@id":"https:\/\/www.hotel-grimentz.ch\/de\/skitouren-grimentz-val-danniviers\/#breadcrumb","itemListElement":[{"@type":"ListItem","position":1,"name":"Startseite","item":"https:\/\/www.hotel-grimentz.ch\/de\/"},{"@type":"ListItem","position":2,"name":"Skitouren Grimentz Val d&#8217;Anniviers"}]},{"@type":"WebSite","@id":"https:\/\/www.hotel-grimentz.ch\/#website","url":"https:\/\/www.hotel-grimentz.ch\/","name":"H\u00f4tel *** Restaurant de Moiry","description":"Walliser Gastfreundschaft in den Walliser Alpen","potentialAction":[{"@type":"SearchAction","target":{"@type":"EntryPoint","urlTemplate":"https:\/\/www.hotel-grimentz.ch\/?s={search_term_string}"},"query-input":{"@type":"PropertyValueSpecification","valueRequired":true,"valueName":"search_term_string"}}],"inLanguage":"de"}]}},"publishpress_future_action":{"enabled":false,"date":"2026-05-07 19:45:17","action":"change-status","newStatus":"draft","terms":[],"taxonomy":"translation_priority","extraData":[]},"publishpress_future_workflow_manual_trigger":{"enabledWorkflows":[]},"_links":{"self":[{"href":"https:\/\/www.hotel-grimentz.ch\/de\/wp-json\/wp\/v2\/pages\/15291","targetHints":{"allow":["GET"]}}],"collection":[{"href":"https:\/\/www.hotel-grimentz.ch\/de\/wp-json\/wp\/v2\/pages"}],"about":[{"href":"https:\/\/www.hotel-grimentz.ch\/de\/wp-json\/wp\/v2\/types\/page"}],"author":[{"embeddable":true,"href":"https:\/\/www.hotel-grimentz.ch\/de\/wp-json\/wp\/v2\/users\/4"}],"replies":[{"embeddable":true,"href":"https:\/\/www.hotel-grimentz.ch\/de\/wp-json\/wp\/v2\/comments?post=15291"}],"version-history":[{"count":5,"href":"https:\/\/www.hotel-grimentz.ch\/de\/wp-json\/wp\/v2\/pages\/15291\/revisions"}],"predecessor-version":[{"id":23205,"href":"https:\/\/www.hotel-grimentz.ch\/de\/wp-json\/wp\/v2\/pages\/15291\/revisions\/23205"}],"wp:attachment":[{"href":"https:\/\/www.hotel-grimentz.ch\/de\/wp-json\/wp\/v2\/media?parent=15291"}],"curies":[{"name":"wp","href":"https:\/\/api.w.org\/{rel}","templated":true}]}}