{"id":14867,"date":"2013-09-27T09:03:49","date_gmt":"2013-09-27T07:03:49","guid":{"rendered":"http:\/\/www.hotel-grimentz.ch\/?page_id=14867"},"modified":"2021-07-07T11:36:58","modified_gmt":"2021-07-07T09:36:58","slug":"skifahren","status":"publish","type":"page","link":"https:\/\/www.hotel-grimentz.ch\/de\/skifahren\/","title":{"rendered":"Skifahren"},"content":{"rendered":"<h1>Ski in Grimentz, Val d&#8217;Anniviers, Wallis<\/h1>\n<p>Die Pisten von Grimentz eignen sich f\u00fcr alle Wintersportbegeisterten, vom Anf\u00e4nger bis zum Profi, aber auch f\u00fcr Familien mit kleinen Kindern.<br \/>\nDank der einzigartigen Schneebedingungen k\u00f6nnen Sie von Weihnachten bis Ostern von 3000 m \u00fc.d.M. bis ins Dorf fahren.<br \/>\nMit einem einzigen Skipass k\u00f6nnen Sie alle Pisten der f\u00fcnf Skigebiete des Val d&#8217;Anniviers nutzen.<\/p>\n<p><img decoding=\"async\" class=\"alignnone size-large wp-image-23171\" src=\"https:\/\/www.hotel-grimentz.ch\/demoiry\/wp-content\/uploads\/IMG_3680-580x435.jpg\" alt=\"Ski Grimentz\" width=\"580\" height=\"435\" \/><\/p>\n<p>&nbsp;<\/p>\n","protected":false},"excerpt":{"rendered":"<p>Ski in Grimentz, Val d&#8217;Anniviers, Wallis Die Pisten von Grimentz eignen sich f\u00fcr alle Wintersportbegeisterten, vom Anf\u00e4nger bis zum Profi, aber auch f\u00fcr Familien mit kleinen Kindern. Dank der einzigartigen Schneebedingungen k\u00f6nnen Sie von Weihnachten bis Ostern von 3000 m \u00fc.d.M. bis ins Dorf fahren. Mit einem einzigen Skipass k\u00f6nnen Sie alle Pisten der f\u00fcnf [&hellip;]<\/p>\n","protected":false},"author":4,"featured_media":0,"parent":0,"menu_order":124,"comment_status":"closed","ping_status":"open","template":"","meta":{"footnotes":"","_links_to":"","_links_to_target":""},"class_list":["post-14867","page","type-page","status-publish","hentry"],"yoast_head":"<!-- This site is optimized with the Yoast SEO plugin v27.4 - https:\/\/yoast.com\/product\/yoast-seo-wordpress\/ -->\n<title>Skifahren in Grimentz, Val d&#039;Anniviers, Wallis<\/title>\n<meta name=\"description\" content=\"Entdecken Sie die Skigebiete des Val d&#039;Anniviers. F\u00fcr die Erfahreneren: Skifahren abseits der Piste - H\u00f4tel de Moiry\" \/>\n<meta name=\"robots\" content=\"index, follow, max-snippet:-1, max-image-preview:large, max-video-preview:-1\" \/>\n<link rel=\"canonical\" href=\"https:\/\/www.hotel-grimentz.ch\/de\/skifahren\/\" \/>\n<meta property=\"og:locale\" content=\"de_DE\" \/>\n<meta property=\"og:type\" content=\"article\" \/>\n<meta property=\"og:title\" content=\"Skifahren in Grimentz, Val d&#039;Anniviers, Wallis\" \/>\n<meta property=\"og:description\" content=\"Entdecken Sie die Skigebiete des Val d&#039;Anniviers. F\u00fcr die Erfahreneren: Skifahren abseits der Piste - H\u00f4tel de Moiry\" \/>\n<meta property=\"og:url\" content=\"https:\/\/www.hotel-grimentz.ch\/de\/skifahren\/\" \/>\n<meta property=\"og:site_name\" content=\"H\u00f4tel *** Restaurant de Moiry\" \/>\n<meta property=\"article:modified_time\" content=\"2021-07-07T09:36:58+00:00\" \/>\n<meta property=\"og:image\" content=\"https:\/\/www.hotel-grimentz.ch\/demoiry\/wp-content\/uploads\/IMG_3680-580x435.jpg\" \/>\n<meta name=\"twitter:card\" content=\"summary_large_image\" \/>\n<meta name=\"twitter:label1\" content=\"Gesch\u00e4tzte Lesezeit\" \/>\n\t<meta name=\"twitter:data1\" content=\"1\u00a0Minute\" \/>\n<script type=\"application\/ld+json\" class=\"yoast-schema-graph\">{\"@context\":\"https:\\\/\\\/schema.org\",\"@graph\":[{\"@type\":\"WebPage\",\"@id\":\"https:\\\/\\\/www.hotel-grimentz.ch\\\/de\\\/skifahren\\\/\",\"url\":\"https:\\\/\\\/www.hotel-grimentz.ch\\\/de\\\/skifahren\\\/\",\"name\":\"Skifahren in Grimentz, Val d'Anniviers, Wallis\",\"isPartOf\":{\"@id\":\"https:\\\/\\\/www.hotel-grimentz.ch\\\/#website\"},\"primaryImageOfPage\":{\"@id\":\"https:\\\/\\\/www.hotel-grimentz.ch\\\/de\\\/skifahren\\\/#primaryimage\"},\"image\":{\"@id\":\"https:\\\/\\\/www.hotel-grimentz.ch\\\/de\\\/skifahren\\\/#primaryimage\"},\"thumbnailUrl\":\"https:\\\/\\\/www.hotel-grimentz.ch\\\/demoiry\\\/wp-content\\\/uploads\\\/IMG_3680-580x435.jpg\",\"datePublished\":\"2013-09-27T07:03:49+00:00\",\"dateModified\":\"2021-07-07T09:36:58+00:00\",\"description\":\"Entdecken Sie die Skigebiete des Val d'Anniviers. F\u00fcr die Erfahreneren: Skifahren abseits der Piste - H\u00f4tel de Moiry\",\"breadcrumb\":{\"@id\":\"https:\\\/\\\/www.hotel-grimentz.ch\\\/de\\\/skifahren\\\/#breadcrumb\"},\"inLanguage\":\"de\",\"potentialAction\":[{\"@type\":\"ReadAction\",\"target\":[\"https:\\\/\\\/www.hotel-grimentz.ch\\\/de\\\/skifahren\\\/\"]}]},{\"@type\":\"ImageObject\",\"inLanguage\":\"de\",\"@id\":\"https:\\\/\\\/www.hotel-grimentz.ch\\\/de\\\/skifahren\\\/#primaryimage\",\"url\":\"https:\\\/\\\/www.hotel-grimentz.ch\\\/demoiry\\\/wp-content\\\/uploads\\\/IMG_3680-580x435.jpg\",\"contentUrl\":\"https:\\\/\\\/www.hotel-grimentz.ch\\\/demoiry\\\/wp-content\\\/uploads\\\/IMG_3680-580x435.jpg\"},{\"@type\":\"BreadcrumbList\",\"@id\":\"https:\\\/\\\/www.hotel-grimentz.ch\\\/de\\\/skifahren\\\/#breadcrumb\",\"itemListElement\":[{\"@type\":\"ListItem\",\"position\":1,\"name\":\"Startseite\",\"item\":\"https:\\\/\\\/www.hotel-grimentz.ch\\\/de\\\/\"},{\"@type\":\"ListItem\",\"position\":2,\"name\":\"Skifahren\"}]},{\"@type\":\"WebSite\",\"@id\":\"https:\\\/\\\/www.hotel-grimentz.ch\\\/#website\",\"url\":\"https:\\\/\\\/www.hotel-grimentz.ch\\\/\",\"name\":\"H\u00f4tel *** Restaurant de Moiry\",\"description\":\"Walliser Gastfreundschaft in den Walliser Alpen\",\"potentialAction\":[{\"@type\":\"SearchAction\",\"target\":{\"@type\":\"EntryPoint\",\"urlTemplate\":\"https:\\\/\\\/www.hotel-grimentz.ch\\\/?s={search_term_string}\"},\"query-input\":{\"@type\":\"PropertyValueSpecification\",\"valueRequired\":true,\"valueName\":\"search_term_string\"}}],\"inLanguage\":\"de\"}]}<\/script>\n<!-- \/ Yoast SEO plugin. -->","yoast_head_json":{"title":"Skifahren in Grimentz, Val d'Anniviers, Wallis","description":"Entdecken Sie die Skigebiete des Val d'Anniviers. F\u00fcr die Erfahreneren: Skifahren abseits der Piste - H\u00f4tel de Moiry","robots":{"index":"index","follow":"follow","max-snippet":"max-snippet:-1","max-image-preview":"max-image-preview:large","max-video-preview":"max-video-preview:-1"},"canonical":"https:\/\/www.hotel-grimentz.ch\/de\/skifahren\/","og_locale":"de_DE","og_type":"article","og_title":"Skifahren in Grimentz, Val d'Anniviers, Wallis","og_description":"Entdecken Sie die Skigebiete des Val d'Anniviers. F\u00fcr die Erfahreneren: Skifahren abseits der Piste - H\u00f4tel de Moiry","og_url":"https:\/\/www.hotel-grimentz.ch\/de\/skifahren\/","og_site_name":"H\u00f4tel *** Restaurant de Moiry","article_modified_time":"2021-07-07T09:36:58+00:00","og_image":[{"url":"https:\/\/www.hotel-grimentz.ch\/demoiry\/wp-content\/uploads\/IMG_3680-580x435.jpg","type":"","width":"","height":""}],"twitter_card":"summary_large_image","twitter_misc":{"Gesch\u00e4tzte Lesezeit":"1\u00a0Minute"},"schema":{"@context":"https:\/\/schema.org","@graph":[{"@type":"WebPage","@id":"https:\/\/www.hotel-grimentz.ch\/de\/skifahren\/","url":"https:\/\/www.hotel-grimentz.ch\/de\/skifahren\/","name":"Skifahren in Grimentz, Val d'Anniviers, Wallis","isPartOf":{"@id":"https:\/\/www.hotel-grimentz.ch\/#website"},"primaryImageOfPage":{"@id":"https:\/\/www.hotel-grimentz.ch\/de\/skifahren\/#primaryimage"},"image":{"@id":"https:\/\/www.hotel-grimentz.ch\/de\/skifahren\/#primaryimage"},"thumbnailUrl":"https:\/\/www.hotel-grimentz.ch\/demoiry\/wp-content\/uploads\/IMG_3680-580x435.jpg","datePublished":"2013-09-27T07:03:49+00:00","dateModified":"2021-07-07T09:36:58+00:00","description":"Entdecken Sie die Skigebiete des Val d'Anniviers. F\u00fcr die Erfahreneren: Skifahren abseits der Piste - H\u00f4tel de Moiry","breadcrumb":{"@id":"https:\/\/www.hotel-grimentz.ch\/de\/skifahren\/#breadcrumb"},"inLanguage":"de","potentialAction":[{"@type":"ReadAction","target":["https:\/\/www.hotel-grimentz.ch\/de\/skifahren\/"]}]},{"@type":"ImageObject","inLanguage":"de","@id":"https:\/\/www.hotel-grimentz.ch\/de\/skifahren\/#primaryimage","url":"https:\/\/www.hotel-grimentz.ch\/demoiry\/wp-content\/uploads\/IMG_3680-580x435.jpg","contentUrl":"https:\/\/www.hotel-grimentz.ch\/demoiry\/wp-content\/uploads\/IMG_3680-580x435.jpg"},{"@type":"BreadcrumbList","@id":"https:\/\/www.hotel-grimentz.ch\/de\/skifahren\/#breadcrumb","itemListElement":[{"@type":"ListItem","position":1,"name":"Startseite","item":"https:\/\/www.hotel-grimentz.ch\/de\/"},{"@type":"ListItem","position":2,"name":"Skifahren"}]},{"@type":"WebSite","@id":"https:\/\/www.hotel-grimentz.ch\/#website","url":"https:\/\/www.hotel-grimentz.ch\/","name":"H\u00f4tel *** Restaurant de Moiry","description":"Walliser Gastfreundschaft in den Walliser Alpen","potentialAction":[{"@type":"SearchAction","target":{"@type":"EntryPoint","urlTemplate":"https:\/\/www.hotel-grimentz.ch\/?s={search_term_string}"},"query-input":{"@type":"PropertyValueSpecification","valueRequired":true,"valueName":"search_term_string"}}],"inLanguage":"de"}]}},"publishpress_future_action":{"enabled":false,"date":"2026-04-23 01:36:06","action":"change-status","newStatus":"draft","terms":[],"taxonomy":"translation_priority","extraData":[]},"publishpress_future_workflow_manual_trigger":{"enabledWorkflows":[]},"_links":{"self":[{"href":"https:\/\/www.hotel-grimentz.ch\/de\/wp-json\/wp\/v2\/pages\/14867","targetHints":{"allow":["GET"]}}],"collection":[{"href":"https:\/\/www.hotel-grimentz.ch\/de\/wp-json\/wp\/v2\/pages"}],"about":[{"href":"https:\/\/www.hotel-grimentz.ch\/de\/wp-json\/wp\/v2\/types\/page"}],"author":[{"embeddable":true,"href":"https:\/\/www.hotel-grimentz.ch\/de\/wp-json\/wp\/v2\/users\/4"}],"replies":[{"embeddable":true,"href":"https:\/\/www.hotel-grimentz.ch\/de\/wp-json\/wp\/v2\/comments?post=14867"}],"version-history":[{"count":9,"href":"https:\/\/www.hotel-grimentz.ch\/de\/wp-json\/wp\/v2\/pages\/14867\/revisions"}],"predecessor-version":[{"id":24393,"href":"https:\/\/www.hotel-grimentz.ch\/de\/wp-json\/wp\/v2\/pages\/14867\/revisions\/24393"}],"wp:attachment":[{"href":"https:\/\/www.hotel-grimentz.ch\/de\/wp-json\/wp\/v2\/media?parent=14867"}],"curies":[{"name":"wp","href":"https:\/\/api.w.org\/{rel}","templated":true}]}}