{"id":14861,"date":"2013-09-27T08:49:22","date_gmt":"2013-09-27T06:49:22","guid":{"rendered":"http:\/\/www.hotel-grimentz.ch\/?page_id=14861"},"modified":"2020-09-03T16:08:22","modified_gmt":"2020-09-03T14:08:22","slug":"klettersteig","status":"publish","type":"page","link":"https:\/\/www.hotel-grimentz.ch\/de\/klettersteig\/","title":{"rendered":"Klettersteig"},"content":{"rendered":"<h1><img decoding=\"async\" class=\"aligncenter wp-image-22908 size-large\" src=\"https:\/\/www.hotel-grimentz.ch\/demoiry\/wp-content\/uploads\/Moiry-004-450x600.jpg\" alt=\"Via Ferrata de Moiry\" width=\"450\" height=\"600\" srcset=\"https:\/\/www.hotel-grimentz.ch\/demoiry\/wp-content\/uploads\/Moiry-004-450x600.jpg 450w, https:\/\/www.hotel-grimentz.ch\/demoiry\/wp-content\/uploads\/Moiry-004-225x300.jpg 225w, https:\/\/www.hotel-grimentz.ch\/demoiry\/wp-content\/uploads\/Moiry-004-768x1023.jpg 768w, https:\/\/www.hotel-grimentz.ch\/demoiry\/wp-content\/uploads\/Moiry-004-529x705.jpg 529w, https:\/\/www.hotel-grimentz.ch\/demoiry\/wp-content\/uploads\/Moiry-004.jpg 993w\" sizes=\"(max-width: 450px) 100vw, 450px\" \/>Klettersteig in Grimentz im Wallis<\/h1>\n<p>In einem zauberhaften Rahmen, in \u00fcber 2000m H\u00f6he und nahe des majest\u00e4tischen Moiry-Stausees, l\u00e4dt Sie die Via Ferrata von Grimentz\/Moiry ein, Ihren Spass am Klettern zu entdecken.<\/p>\n","protected":false},"excerpt":{"rendered":"<p>Klettersteig in Grimentz im Wallis In einem zauberhaften Rahmen, in \u00fcber 2000m H\u00f6he und nahe des majest\u00e4tischen Moiry-Stausees, l\u00e4dt Sie die Via Ferrata von Grimentz\/Moiry ein, Ihren Spass am Klettern zu entdecken.<\/p>\n","protected":false},"author":4,"featured_media":0,"parent":0,"menu_order":67,"comment_status":"closed","ping_status":"open","template":"","meta":{"footnotes":"","_links_to":"","_links_to_target":""},"class_list":["post-14861","page","type-page","status-publish","hentry"],"yoast_head":"<!-- This site is optimized with the Yoast SEO plugin v27.5 - https:\/\/yoast.com\/product\/yoast-seo-wordpress\/ -->\n<title>Via Ferrata in Grimentz im Wallis<\/title>\n<meta name=\"description\" content=\"Entdecken Sie in einem zauberhaften Rahmen, in \u00fcber 2000m H\u00f6he und nahe des majest\u00e4tischen Moiry-Stausees, die Via Ferrata von Grimentz\/Moiry.\" \/>\n<meta name=\"robots\" content=\"index, follow, max-snippet:-1, max-image-preview:large, max-video-preview:-1\" \/>\n<link rel=\"canonical\" href=\"https:\/\/www.hotel-grimentz.ch\/de\/klettersteig\/\" \/>\n<meta property=\"og:locale\" content=\"de_DE\" \/>\n<meta property=\"og:type\" content=\"article\" \/>\n<meta property=\"og:title\" content=\"Via Ferrata in Grimentz im Wallis\" \/>\n<meta property=\"og:description\" content=\"Entdecken Sie in einem zauberhaften Rahmen, in \u00fcber 2000m H\u00f6he und nahe des majest\u00e4tischen Moiry-Stausees, die Via Ferrata von Grimentz\/Moiry.\" \/>\n<meta property=\"og:url\" content=\"https:\/\/www.hotel-grimentz.ch\/de\/klettersteig\/\" \/>\n<meta property=\"og:site_name\" content=\"H\u00f4tel *** Restaurant de Moiry\" \/>\n<meta property=\"article:modified_time\" content=\"2020-09-03T14:08:22+00:00\" \/>\n<meta property=\"og:image\" content=\"https:\/\/www.hotel-grimentz.ch\/demoiry\/wp-content\/uploads\/Moiry-004-450x600.jpg\" \/>\n<meta name=\"twitter:card\" content=\"summary_large_image\" \/>\n<script type=\"application\/ld+json\" class=\"yoast-schema-graph\">{\"@context\":\"https:\\\/\\\/schema.org\",\"@graph\":[{\"@type\":\"WebPage\",\"@id\":\"https:\\\/\\\/www.hotel-grimentz.ch\\\/de\\\/klettersteig\\\/\",\"url\":\"https:\\\/\\\/www.hotel-grimentz.ch\\\/de\\\/klettersteig\\\/\",\"name\":\"Via Ferrata in Grimentz im Wallis\",\"isPartOf\":{\"@id\":\"https:\\\/\\\/www.hotel-grimentz.ch\\\/#website\"},\"primaryImageOfPage\":{\"@id\":\"https:\\\/\\\/www.hotel-grimentz.ch\\\/de\\\/klettersteig\\\/#primaryimage\"},\"image\":{\"@id\":\"https:\\\/\\\/www.hotel-grimentz.ch\\\/de\\\/klettersteig\\\/#primaryimage\"},\"thumbnailUrl\":\"https:\\\/\\\/www.hotel-grimentz.ch\\\/demoiry\\\/wp-content\\\/uploads\\\/Moiry-004-450x600.jpg\",\"datePublished\":\"2013-09-27T06:49:22+00:00\",\"dateModified\":\"2020-09-03T14:08:22+00:00\",\"description\":\"Entdecken Sie in einem zauberhaften Rahmen, in \u00fcber 2000m H\u00f6he und nahe des majest\u00e4tischen Moiry-Stausees, die Via Ferrata von Grimentz\\\/Moiry.\",\"breadcrumb\":{\"@id\":\"https:\\\/\\\/www.hotel-grimentz.ch\\\/de\\\/klettersteig\\\/#breadcrumb\"},\"inLanguage\":\"de\",\"potentialAction\":[{\"@type\":\"ReadAction\",\"target\":[\"https:\\\/\\\/www.hotel-grimentz.ch\\\/de\\\/klettersteig\\\/\"]}]},{\"@type\":\"ImageObject\",\"inLanguage\":\"de\",\"@id\":\"https:\\\/\\\/www.hotel-grimentz.ch\\\/de\\\/klettersteig\\\/#primaryimage\",\"url\":\"https:\\\/\\\/www.hotel-grimentz.ch\\\/demoiry\\\/wp-content\\\/uploads\\\/Moiry-004-450x600.jpg\",\"contentUrl\":\"https:\\\/\\\/www.hotel-grimentz.ch\\\/demoiry\\\/wp-content\\\/uploads\\\/Moiry-004-450x600.jpg\"},{\"@type\":\"BreadcrumbList\",\"@id\":\"https:\\\/\\\/www.hotel-grimentz.ch\\\/de\\\/klettersteig\\\/#breadcrumb\",\"itemListElement\":[{\"@type\":\"ListItem\",\"position\":1,\"name\":\"Startseite\",\"item\":\"https:\\\/\\\/www.hotel-grimentz.ch\\\/de\\\/\"},{\"@type\":\"ListItem\",\"position\":2,\"name\":\"Klettersteig\"}]},{\"@type\":\"WebSite\",\"@id\":\"https:\\\/\\\/www.hotel-grimentz.ch\\\/#website\",\"url\":\"https:\\\/\\\/www.hotel-grimentz.ch\\\/\",\"name\":\"H\u00f4tel *** Restaurant de Moiry\",\"description\":\"Walliser Gastfreundschaft in den Walliser Alpen\",\"potentialAction\":[{\"@type\":\"SearchAction\",\"target\":{\"@type\":\"EntryPoint\",\"urlTemplate\":\"https:\\\/\\\/www.hotel-grimentz.ch\\\/?s={search_term_string}\"},\"query-input\":{\"@type\":\"PropertyValueSpecification\",\"valueRequired\":true,\"valueName\":\"search_term_string\"}}],\"inLanguage\":\"de\"}]}<\/script>\n<!-- \/ Yoast SEO plugin. -->","yoast_head_json":{"title":"Via Ferrata in Grimentz im Wallis","description":"Entdecken Sie in einem zauberhaften Rahmen, in \u00fcber 2000m H\u00f6he und nahe des majest\u00e4tischen Moiry-Stausees, die Via Ferrata von Grimentz\/Moiry.","robots":{"index":"index","follow":"follow","max-snippet":"max-snippet:-1","max-image-preview":"max-image-preview:large","max-video-preview":"max-video-preview:-1"},"canonical":"https:\/\/www.hotel-grimentz.ch\/de\/klettersteig\/","og_locale":"de_DE","og_type":"article","og_title":"Via Ferrata in Grimentz im Wallis","og_description":"Entdecken Sie in einem zauberhaften Rahmen, in \u00fcber 2000m H\u00f6he und nahe des majest\u00e4tischen Moiry-Stausees, die Via Ferrata von Grimentz\/Moiry.","og_url":"https:\/\/www.hotel-grimentz.ch\/de\/klettersteig\/","og_site_name":"H\u00f4tel *** Restaurant de Moiry","article_modified_time":"2020-09-03T14:08:22+00:00","og_image":[{"url":"https:\/\/www.hotel-grimentz.ch\/demoiry\/wp-content\/uploads\/Moiry-004-450x600.jpg","type":"","width":"","height":""}],"twitter_card":"summary_large_image","schema":{"@context":"https:\/\/schema.org","@graph":[{"@type":"WebPage","@id":"https:\/\/www.hotel-grimentz.ch\/de\/klettersteig\/","url":"https:\/\/www.hotel-grimentz.ch\/de\/klettersteig\/","name":"Via Ferrata in Grimentz im Wallis","isPartOf":{"@id":"https:\/\/www.hotel-grimentz.ch\/#website"},"primaryImageOfPage":{"@id":"https:\/\/www.hotel-grimentz.ch\/de\/klettersteig\/#primaryimage"},"image":{"@id":"https:\/\/www.hotel-grimentz.ch\/de\/klettersteig\/#primaryimage"},"thumbnailUrl":"https:\/\/www.hotel-grimentz.ch\/demoiry\/wp-content\/uploads\/Moiry-004-450x600.jpg","datePublished":"2013-09-27T06:49:22+00:00","dateModified":"2020-09-03T14:08:22+00:00","description":"Entdecken Sie in einem zauberhaften Rahmen, in \u00fcber 2000m H\u00f6he und nahe des majest\u00e4tischen Moiry-Stausees, die Via Ferrata von Grimentz\/Moiry.","breadcrumb":{"@id":"https:\/\/www.hotel-grimentz.ch\/de\/klettersteig\/#breadcrumb"},"inLanguage":"de","potentialAction":[{"@type":"ReadAction","target":["https:\/\/www.hotel-grimentz.ch\/de\/klettersteig\/"]}]},{"@type":"ImageObject","inLanguage":"de","@id":"https:\/\/www.hotel-grimentz.ch\/de\/klettersteig\/#primaryimage","url":"https:\/\/www.hotel-grimentz.ch\/demoiry\/wp-content\/uploads\/Moiry-004-450x600.jpg","contentUrl":"https:\/\/www.hotel-grimentz.ch\/demoiry\/wp-content\/uploads\/Moiry-004-450x600.jpg"},{"@type":"BreadcrumbList","@id":"https:\/\/www.hotel-grimentz.ch\/de\/klettersteig\/#breadcrumb","itemListElement":[{"@type":"ListItem","position":1,"name":"Startseite","item":"https:\/\/www.hotel-grimentz.ch\/de\/"},{"@type":"ListItem","position":2,"name":"Klettersteig"}]},{"@type":"WebSite","@id":"https:\/\/www.hotel-grimentz.ch\/#website","url":"https:\/\/www.hotel-grimentz.ch\/","name":"H\u00f4tel *** Restaurant de Moiry","description":"Walliser Gastfreundschaft in den Walliser Alpen","potentialAction":[{"@type":"SearchAction","target":{"@type":"EntryPoint","urlTemplate":"https:\/\/www.hotel-grimentz.ch\/?s={search_term_string}"},"query-input":{"@type":"PropertyValueSpecification","valueRequired":true,"valueName":"search_term_string"}}],"inLanguage":"de"}]}},"publishpress_future_action":{"enabled":false,"date":"2026-05-09 17:36:04","action":"change-status","newStatus":"draft","terms":[],"taxonomy":"translation_priority","extraData":[]},"publishpress_future_workflow_manual_trigger":{"enabledWorkflows":[]},"_links":{"self":[{"href":"https:\/\/www.hotel-grimentz.ch\/de\/wp-json\/wp\/v2\/pages\/14861","targetHints":{"allow":["GET"]}}],"collection":[{"href":"https:\/\/www.hotel-grimentz.ch\/de\/wp-json\/wp\/v2\/pages"}],"about":[{"href":"https:\/\/www.hotel-grimentz.ch\/de\/wp-json\/wp\/v2\/types\/page"}],"author":[{"embeddable":true,"href":"https:\/\/www.hotel-grimentz.ch\/de\/wp-json\/wp\/v2\/users\/4"}],"replies":[{"embeddable":true,"href":"https:\/\/www.hotel-grimentz.ch\/de\/wp-json\/wp\/v2\/comments?post=14861"}],"version-history":[{"count":4,"href":"https:\/\/www.hotel-grimentz.ch\/de\/wp-json\/wp\/v2\/pages\/14861\/revisions"}],"predecessor-version":[{"id":22954,"href":"https:\/\/www.hotel-grimentz.ch\/de\/wp-json\/wp\/v2\/pages\/14861\/revisions\/22954"}],"wp:attachment":[{"href":"https:\/\/www.hotel-grimentz.ch\/de\/wp-json\/wp\/v2\/media?parent=14861"}],"curies":[{"name":"wp","href":"https:\/\/api.w.org\/{rel}","templated":true}]}}