{"id":14858,"date":"2013-09-27T08:41:31","date_gmt":"2013-09-27T06:41:31","guid":{"rendered":"http:\/\/www.hotel-grimentz.ch\/?page_id=14858"},"modified":"2020-09-03T16:22:31","modified_gmt":"2020-09-03T14:22:31","slug":"klettern","status":"publish","type":"page","link":"https:\/\/www.hotel-grimentz.ch\/de\/klettern\/","title":{"rendered":"Klettern"},"content":{"rendered":"<h1><img decoding=\"async\" class=\"aligncenter wp-image-22927 size-large\" src=\"https:\/\/www.hotel-grimentz.ch\/demoiry\/wp-content\/uploads\/Cr\u00eats-juillet-07-avec-Samuel-012-580x435.jpg\" alt=\"Grimpe\" width=\"580\" height=\"435\" srcset=\"https:\/\/www.hotel-grimentz.ch\/demoiry\/wp-content\/uploads\/Cr\u00eats-juillet-07-avec-Samuel-012-580x435.jpg 580w, https:\/\/www.hotel-grimentz.ch\/demoiry\/wp-content\/uploads\/Cr\u00eats-juillet-07-avec-Samuel-012-250x188.jpg 250w, https:\/\/www.hotel-grimentz.ch\/demoiry\/wp-content\/uploads\/Cr\u00eats-juillet-07-avec-Samuel-012-768x576.jpg 768w, https:\/\/www.hotel-grimentz.ch\/demoiry\/wp-content\/uploads\/Cr\u00eats-juillet-07-avec-Samuel-012-705x529.jpg 705w, https:\/\/www.hotel-grimentz.ch\/demoiry\/wp-content\/uploads\/Cr\u00eats-juillet-07-avec-Samuel-012.jpg 1200w\" sizes=\"(max-width: 580px) 100vw, 580px\" \/><\/h1>\n<h1>Klettern in Grimentz im Wallis<\/h1>\n<p>In Grimentz finden Sie eine Kletterwand in der Turnhalle und eine zweite Kletterwand neben dem Campingplatz L\u2019Il\u00f4t Bosquet. Ausserdem haben die Bergf\u00fchrer-Br\u00fcder Salamin einen Klettergarten in \u201cLes Cr\u00eats\u201d ausgestattet&#8230;<\/p>\n","protected":false},"excerpt":{"rendered":"<p>Klettern in Grimentz im Wallis In Grimentz finden Sie eine Kletterwand in der Turnhalle und eine zweite Kletterwand neben dem Campingplatz L\u2019Il\u00f4t Bosquet. Ausserdem haben die Bergf\u00fchrer-Br\u00fcder Salamin einen Klettergarten in \u201cLes Cr\u00eats\u201d ausgestattet&#8230;<\/p>\n","protected":false},"author":4,"featured_media":0,"parent":0,"menu_order":60,"comment_status":"closed","ping_status":"open","template":"","meta":{"footnotes":"","_links_to":"","_links_to_target":""},"class_list":["post-14858","page","type-page","status-publish","hentry"],"yoast_head":"<!-- This site is optimized with the Yoast SEO plugin v27.4 - https:\/\/yoast.com\/product\/yoast-seo-wordpress\/ -->\n<title>Klettern in Grimentz im Wallis<\/title>\n<meta name=\"description\" content=\"Entdecken Sie unsere Klettergebiete von leichtes bis schwieriges Niveau. Unser kletterbegeistertes Team steht Ihnen zur Verf\u00fcgung.\" \/>\n<meta name=\"robots\" content=\"index, follow, max-snippet:-1, max-image-preview:large, max-video-preview:-1\" \/>\n<link rel=\"canonical\" href=\"https:\/\/www.hotel-grimentz.ch\/de\/klettern\/\" \/>\n<meta property=\"og:locale\" content=\"de_DE\" \/>\n<meta property=\"og:type\" content=\"article\" \/>\n<meta property=\"og:title\" content=\"Klettern in Grimentz im Wallis\" \/>\n<meta property=\"og:description\" content=\"Entdecken Sie unsere Klettergebiete von leichtes bis schwieriges Niveau. Unser kletterbegeistertes Team steht Ihnen zur Verf\u00fcgung.\" \/>\n<meta property=\"og:url\" content=\"https:\/\/www.hotel-grimentz.ch\/de\/klettern\/\" \/>\n<meta property=\"og:site_name\" content=\"H\u00f4tel *** Restaurant de Moiry\" \/>\n<meta property=\"article:modified_time\" content=\"2020-09-03T14:22:31+00:00\" \/>\n<meta property=\"og:image\" content=\"https:\/\/www.hotel-grimentz.ch\/demoiry\/wp-content\/uploads\/Cr\u00eats-juillet-07-avec-Samuel-012-580x435.jpg\" \/>\n<meta name=\"twitter:card\" content=\"summary_large_image\" \/>\n<script type=\"application\/ld+json\" class=\"yoast-schema-graph\">{\"@context\":\"https:\\\/\\\/schema.org\",\"@graph\":[{\"@type\":\"WebPage\",\"@id\":\"https:\\\/\\\/www.hotel-grimentz.ch\\\/de\\\/klettern\\\/\",\"url\":\"https:\\\/\\\/www.hotel-grimentz.ch\\\/de\\\/klettern\\\/\",\"name\":\"Klettern in Grimentz im Wallis\",\"isPartOf\":{\"@id\":\"https:\\\/\\\/www.hotel-grimentz.ch\\\/#website\"},\"datePublished\":\"2013-09-27T06:41:31+00:00\",\"dateModified\":\"2020-09-03T14:22:31+00:00\",\"description\":\"Entdecken Sie unsere Klettergebiete von leichtes bis schwieriges Niveau. Unser kletterbegeistertes Team steht Ihnen zur Verf\u00fcgung.\",\"breadcrumb\":{\"@id\":\"https:\\\/\\\/www.hotel-grimentz.ch\\\/de\\\/klettern\\\/#breadcrumb\"},\"inLanguage\":\"de\",\"potentialAction\":[{\"@type\":\"ReadAction\",\"target\":[\"https:\\\/\\\/www.hotel-grimentz.ch\\\/de\\\/klettern\\\/\"]}]},{\"@type\":\"BreadcrumbList\",\"@id\":\"https:\\\/\\\/www.hotel-grimentz.ch\\\/de\\\/klettern\\\/#breadcrumb\",\"itemListElement\":[{\"@type\":\"ListItem\",\"position\":1,\"name\":\"Startseite\",\"item\":\"https:\\\/\\\/www.hotel-grimentz.ch\\\/de\\\/\"},{\"@type\":\"ListItem\",\"position\":2,\"name\":\"Klettern\"}]},{\"@type\":\"WebSite\",\"@id\":\"https:\\\/\\\/www.hotel-grimentz.ch\\\/#website\",\"url\":\"https:\\\/\\\/www.hotel-grimentz.ch\\\/\",\"name\":\"H\u00f4tel *** Restaurant de Moiry\",\"description\":\"Walliser Gastfreundschaft in den Walliser Alpen\",\"potentialAction\":[{\"@type\":\"SearchAction\",\"target\":{\"@type\":\"EntryPoint\",\"urlTemplate\":\"https:\\\/\\\/www.hotel-grimentz.ch\\\/?s={search_term_string}\"},\"query-input\":{\"@type\":\"PropertyValueSpecification\",\"valueRequired\":true,\"valueName\":\"search_term_string\"}}],\"inLanguage\":\"de\"}]}<\/script>\n<!-- \/ Yoast SEO plugin. -->","yoast_head_json":{"title":"Klettern in Grimentz im Wallis","description":"Entdecken Sie unsere Klettergebiete von leichtes bis schwieriges Niveau. Unser kletterbegeistertes Team steht Ihnen zur Verf\u00fcgung.","robots":{"index":"index","follow":"follow","max-snippet":"max-snippet:-1","max-image-preview":"max-image-preview:large","max-video-preview":"max-video-preview:-1"},"canonical":"https:\/\/www.hotel-grimentz.ch\/de\/klettern\/","og_locale":"de_DE","og_type":"article","og_title":"Klettern in Grimentz im Wallis","og_description":"Entdecken Sie unsere Klettergebiete von leichtes bis schwieriges Niveau. Unser kletterbegeistertes Team steht Ihnen zur Verf\u00fcgung.","og_url":"https:\/\/www.hotel-grimentz.ch\/de\/klettern\/","og_site_name":"H\u00f4tel *** Restaurant de Moiry","article_modified_time":"2020-09-03T14:22:31+00:00","og_image":[{"url":"https:\/\/www.hotel-grimentz.ch\/demoiry\/wp-content\/uploads\/Cr\u00eats-juillet-07-avec-Samuel-012-580x435.jpg","type":"","width":"","height":""}],"twitter_card":"summary_large_image","schema":{"@context":"https:\/\/schema.org","@graph":[{"@type":"WebPage","@id":"https:\/\/www.hotel-grimentz.ch\/de\/klettern\/","url":"https:\/\/www.hotel-grimentz.ch\/de\/klettern\/","name":"Klettern in Grimentz im Wallis","isPartOf":{"@id":"https:\/\/www.hotel-grimentz.ch\/#website"},"datePublished":"2013-09-27T06:41:31+00:00","dateModified":"2020-09-03T14:22:31+00:00","description":"Entdecken Sie unsere Klettergebiete von leichtes bis schwieriges Niveau. Unser kletterbegeistertes Team steht Ihnen zur Verf\u00fcgung.","breadcrumb":{"@id":"https:\/\/www.hotel-grimentz.ch\/de\/klettern\/#breadcrumb"},"inLanguage":"de","potentialAction":[{"@type":"ReadAction","target":["https:\/\/www.hotel-grimentz.ch\/de\/klettern\/"]}]},{"@type":"BreadcrumbList","@id":"https:\/\/www.hotel-grimentz.ch\/de\/klettern\/#breadcrumb","itemListElement":[{"@type":"ListItem","position":1,"name":"Startseite","item":"https:\/\/www.hotel-grimentz.ch\/de\/"},{"@type":"ListItem","position":2,"name":"Klettern"}]},{"@type":"WebSite","@id":"https:\/\/www.hotel-grimentz.ch\/#website","url":"https:\/\/www.hotel-grimentz.ch\/","name":"H\u00f4tel *** Restaurant de Moiry","description":"Walliser Gastfreundschaft in den Walliser Alpen","potentialAction":[{"@type":"SearchAction","target":{"@type":"EntryPoint","urlTemplate":"https:\/\/www.hotel-grimentz.ch\/?s={search_term_string}"},"query-input":{"@type":"PropertyValueSpecification","valueRequired":true,"valueName":"search_term_string"}}],"inLanguage":"de"}]}},"publishpress_future_action":{"enabled":false,"date":"2026-04-29 13:10:07","action":"change-status","newStatus":"draft","terms":[],"taxonomy":"translation_priority","extraData":[]},"publishpress_future_workflow_manual_trigger":{"enabledWorkflows":[]},"_links":{"self":[{"href":"https:\/\/www.hotel-grimentz.ch\/de\/wp-json\/wp\/v2\/pages\/14858","targetHints":{"allow":["GET"]}}],"collection":[{"href":"https:\/\/www.hotel-grimentz.ch\/de\/wp-json\/wp\/v2\/pages"}],"about":[{"href":"https:\/\/www.hotel-grimentz.ch\/de\/wp-json\/wp\/v2\/types\/page"}],"author":[{"embeddable":true,"href":"https:\/\/www.hotel-grimentz.ch\/de\/wp-json\/wp\/v2\/users\/4"}],"replies":[{"embeddable":true,"href":"https:\/\/www.hotel-grimentz.ch\/de\/wp-json\/wp\/v2\/comments?post=14858"}],"version-history":[{"count":3,"href":"https:\/\/www.hotel-grimentz.ch\/de\/wp-json\/wp\/v2\/pages\/14858\/revisions"}],"predecessor-version":[{"id":22962,"href":"https:\/\/www.hotel-grimentz.ch\/de\/wp-json\/wp\/v2\/pages\/14858\/revisions\/22962"}],"wp:attachment":[{"href":"https:\/\/www.hotel-grimentz.ch\/de\/wp-json\/wp\/v2\/media?parent=14858"}],"curies":[{"name":"wp","href":"https:\/\/api.w.org\/{rel}","templated":true}]}}