{"id":14855,"date":"2013-09-27T08:37:42","date_gmt":"2013-09-27T06:37:42","guid":{"rendered":"http:\/\/www.hotel-grimentz.ch\/?page_id=14855"},"modified":"2020-09-04T11:17:06","modified_gmt":"2020-09-04T09:17:06","slug":"bergsteigen","status":"publish","type":"page","link":"https:\/\/www.hotel-grimentz.ch\/de\/bergsteigen\/","title":{"rendered":"Bergsteigen"},"content":{"rendered":"<h1>Bergsteigen in Grimentz im\u00a0Wallis<\/h1>\n<div id=\"attachment_14885\" style=\"width: 590px\" class=\"wp-caption aligncenter\"><a href=\"https:\/\/www.hotel-grimentz.ch\/demoiry\/wp-content\/uploads\/Divers-038.jpg\"><img decoding=\"async\" aria-describedby=\"caption-attachment-14885\" class=\"size-large wp-image-14885 \" title=\"F\u00fcnf Viertausender\" src=\"https:\/\/www.hotel-grimentz.ch\/demoiry\/wp-content\/uploads\/Divers-038-580x386.jpg\" alt=\"\" width=\"580\" height=\"386\" srcset=\"https:\/\/www.hotel-grimentz.ch\/demoiry\/wp-content\/uploads\/Divers-038-580x386.jpg 580w, https:\/\/www.hotel-grimentz.ch\/demoiry\/wp-content\/uploads\/Divers-038-250x166.jpg 250w\" sizes=\"(max-width: 580px) 100vw, 580px\" \/><\/a><p id=\"caption-attachment-14885\" class=\"wp-caption-text\">Bergsteigen in Grimentz<\/p><\/div>\n<p>La couronne imp\u00e9riale &#8211; die f\u00fcnf Viertausender im Val d&#8217;Anniviers!<\/p>\n<p>Im Herzen des Wallis k\u00f6nnen Sie mit einem Bergf\u00fchrer die ber\u00fchmten Gipfel Weisshorn (4505m), Zinalrothorn (4221m), Obergabelhorn (4063m), Matterhorn (4477m) und\u00a0Dent Blanche (4358m) besteigen.<\/p>\n<p>Fall Sie weniger hoch klettern m\u00f6chten, schlagen wir Ihnen verschiedene Kletterg\u00e4rten vor, wo es Routen f\u00fcr Anf\u00e4nger wie auch f\u00fcr Profis gibt.<\/p>\n<p>&nbsp;<\/p>\n","protected":false},"excerpt":{"rendered":"<p>Bergsteigen in Grimentz im\u00a0Wallis La couronne imp\u00e9riale &#8211; die f\u00fcnf Viertausender im Val d&#8217;Anniviers! Im Herzen des Wallis k\u00f6nnen Sie mit einem Bergf\u00fchrer die ber\u00fchmten Gipfel Weisshorn (4505m), Zinalrothorn (4221m), Obergabelhorn (4063m), Matterhorn (4477m) und\u00a0Dent Blanche (4358m) besteigen. Fall Sie weniger hoch klettern m\u00f6chten, schlagen wir Ihnen verschiedene Kletterg\u00e4rten vor, wo es Routen f\u00fcr Anf\u00e4nger [&hellip;]<\/p>\n","protected":false},"author":4,"featured_media":0,"parent":0,"menu_order":9,"comment_status":"closed","ping_status":"open","template":"","meta":{"footnotes":"","_links_to":"","_links_to_target":""},"class_list":["post-14855","page","type-page","status-publish","hentry"],"yoast_head":"<!-- This site is optimized with the Yoast SEO plugin v27.4 - https:\/\/yoast.com\/product\/yoast-seo-wordpress\/ -->\n<title>Bergsteigen in Grimentz im Wallis<\/title>\n<meta name=\"description\" content=\"Im Herzen des Wallis k\u00f6nnen Sie mit einem Bergf\u00fchrer ber\u00fchmten Gipfel besteigen.\" \/>\n<meta name=\"robots\" content=\"index, follow, max-snippet:-1, max-image-preview:large, max-video-preview:-1\" \/>\n<link rel=\"canonical\" href=\"https:\/\/www.hotel-grimentz.ch\/de\/bergsteigen\/\" \/>\n<meta property=\"og:locale\" content=\"de_DE\" \/>\n<meta property=\"og:type\" content=\"article\" \/>\n<meta property=\"og:title\" content=\"Bergsteigen in Grimentz im Wallis\" \/>\n<meta property=\"og:description\" content=\"Im Herzen des Wallis k\u00f6nnen Sie mit einem Bergf\u00fchrer ber\u00fchmten Gipfel besteigen.\" \/>\n<meta property=\"og:url\" content=\"https:\/\/www.hotel-grimentz.ch\/de\/bergsteigen\/\" \/>\n<meta property=\"og:site_name\" content=\"H\u00f4tel *** Restaurant de Moiry\" \/>\n<meta property=\"article:modified_time\" content=\"2020-09-04T09:17:06+00:00\" \/>\n<meta property=\"og:image\" content=\"https:\/\/www.hotel-grimentz.ch\/demoiry\/wp-content\/uploads\/Divers-038-580x386.jpg\" \/>\n<meta name=\"twitter:card\" content=\"summary_large_image\" \/>\n<script type=\"application\/ld+json\" class=\"yoast-schema-graph\">{\"@context\":\"https:\\\/\\\/schema.org\",\"@graph\":[{\"@type\":\"WebPage\",\"@id\":\"https:\\\/\\\/www.hotel-grimentz.ch\\\/de\\\/bergsteigen\\\/\",\"url\":\"https:\\\/\\\/www.hotel-grimentz.ch\\\/de\\\/bergsteigen\\\/\",\"name\":\"Bergsteigen in Grimentz im Wallis\",\"isPartOf\":{\"@id\":\"https:\\\/\\\/www.hotel-grimentz.ch\\\/#website\"},\"primaryImageOfPage\":{\"@id\":\"https:\\\/\\\/www.hotel-grimentz.ch\\\/de\\\/bergsteigen\\\/#primaryimage\"},\"image\":{\"@id\":\"https:\\\/\\\/www.hotel-grimentz.ch\\\/de\\\/bergsteigen\\\/#primaryimage\"},\"thumbnailUrl\":\"https:\\\/\\\/www.hotel-grimentz.ch\\\/demoiry\\\/wp-content\\\/uploads\\\/Divers-038-580x386.jpg\",\"datePublished\":\"2013-09-27T06:37:42+00:00\",\"dateModified\":\"2020-09-04T09:17:06+00:00\",\"description\":\"Im Herzen des Wallis k\u00f6nnen Sie mit einem Bergf\u00fchrer ber\u00fchmten Gipfel besteigen.\",\"breadcrumb\":{\"@id\":\"https:\\\/\\\/www.hotel-grimentz.ch\\\/de\\\/bergsteigen\\\/#breadcrumb\"},\"inLanguage\":\"de\",\"potentialAction\":[{\"@type\":\"ReadAction\",\"target\":[\"https:\\\/\\\/www.hotel-grimentz.ch\\\/de\\\/bergsteigen\\\/\"]}]},{\"@type\":\"ImageObject\",\"inLanguage\":\"de\",\"@id\":\"https:\\\/\\\/www.hotel-grimentz.ch\\\/de\\\/bergsteigen\\\/#primaryimage\",\"url\":\"https:\\\/\\\/www.hotel-grimentz.ch\\\/demoiry\\\/wp-content\\\/uploads\\\/Divers-038-580x386.jpg\",\"contentUrl\":\"https:\\\/\\\/www.hotel-grimentz.ch\\\/demoiry\\\/wp-content\\\/uploads\\\/Divers-038-580x386.jpg\"},{\"@type\":\"BreadcrumbList\",\"@id\":\"https:\\\/\\\/www.hotel-grimentz.ch\\\/de\\\/bergsteigen\\\/#breadcrumb\",\"itemListElement\":[{\"@type\":\"ListItem\",\"position\":1,\"name\":\"Startseite\",\"item\":\"https:\\\/\\\/www.hotel-grimentz.ch\\\/de\\\/\"},{\"@type\":\"ListItem\",\"position\":2,\"name\":\"Bergsteigen\"}]},{\"@type\":\"WebSite\",\"@id\":\"https:\\\/\\\/www.hotel-grimentz.ch\\\/#website\",\"url\":\"https:\\\/\\\/www.hotel-grimentz.ch\\\/\",\"name\":\"H\u00f4tel *** Restaurant de Moiry\",\"description\":\"Walliser Gastfreundschaft in den Walliser Alpen\",\"potentialAction\":[{\"@type\":\"SearchAction\",\"target\":{\"@type\":\"EntryPoint\",\"urlTemplate\":\"https:\\\/\\\/www.hotel-grimentz.ch\\\/?s={search_term_string}\"},\"query-input\":{\"@type\":\"PropertyValueSpecification\",\"valueRequired\":true,\"valueName\":\"search_term_string\"}}],\"inLanguage\":\"de\"}]}<\/script>\n<!-- \/ Yoast SEO plugin. -->","yoast_head_json":{"title":"Bergsteigen in Grimentz im Wallis","description":"Im Herzen des Wallis k\u00f6nnen Sie mit einem Bergf\u00fchrer ber\u00fchmten Gipfel besteigen.","robots":{"index":"index","follow":"follow","max-snippet":"max-snippet:-1","max-image-preview":"max-image-preview:large","max-video-preview":"max-video-preview:-1"},"canonical":"https:\/\/www.hotel-grimentz.ch\/de\/bergsteigen\/","og_locale":"de_DE","og_type":"article","og_title":"Bergsteigen in Grimentz im Wallis","og_description":"Im Herzen des Wallis k\u00f6nnen Sie mit einem Bergf\u00fchrer ber\u00fchmten Gipfel besteigen.","og_url":"https:\/\/www.hotel-grimentz.ch\/de\/bergsteigen\/","og_site_name":"H\u00f4tel *** Restaurant de Moiry","article_modified_time":"2020-09-04T09:17:06+00:00","og_image":[{"url":"https:\/\/www.hotel-grimentz.ch\/demoiry\/wp-content\/uploads\/Divers-038-580x386.jpg","type":"","width":"","height":""}],"twitter_card":"summary_large_image","schema":{"@context":"https:\/\/schema.org","@graph":[{"@type":"WebPage","@id":"https:\/\/www.hotel-grimentz.ch\/de\/bergsteigen\/","url":"https:\/\/www.hotel-grimentz.ch\/de\/bergsteigen\/","name":"Bergsteigen in Grimentz im Wallis","isPartOf":{"@id":"https:\/\/www.hotel-grimentz.ch\/#website"},"primaryImageOfPage":{"@id":"https:\/\/www.hotel-grimentz.ch\/de\/bergsteigen\/#primaryimage"},"image":{"@id":"https:\/\/www.hotel-grimentz.ch\/de\/bergsteigen\/#primaryimage"},"thumbnailUrl":"https:\/\/www.hotel-grimentz.ch\/demoiry\/wp-content\/uploads\/Divers-038-580x386.jpg","datePublished":"2013-09-27T06:37:42+00:00","dateModified":"2020-09-04T09:17:06+00:00","description":"Im Herzen des Wallis k\u00f6nnen Sie mit einem Bergf\u00fchrer ber\u00fchmten Gipfel besteigen.","breadcrumb":{"@id":"https:\/\/www.hotel-grimentz.ch\/de\/bergsteigen\/#breadcrumb"},"inLanguage":"de","potentialAction":[{"@type":"ReadAction","target":["https:\/\/www.hotel-grimentz.ch\/de\/bergsteigen\/"]}]},{"@type":"ImageObject","inLanguage":"de","@id":"https:\/\/www.hotel-grimentz.ch\/de\/bergsteigen\/#primaryimage","url":"https:\/\/www.hotel-grimentz.ch\/demoiry\/wp-content\/uploads\/Divers-038-580x386.jpg","contentUrl":"https:\/\/www.hotel-grimentz.ch\/demoiry\/wp-content\/uploads\/Divers-038-580x386.jpg"},{"@type":"BreadcrumbList","@id":"https:\/\/www.hotel-grimentz.ch\/de\/bergsteigen\/#breadcrumb","itemListElement":[{"@type":"ListItem","position":1,"name":"Startseite","item":"https:\/\/www.hotel-grimentz.ch\/de\/"},{"@type":"ListItem","position":2,"name":"Bergsteigen"}]},{"@type":"WebSite","@id":"https:\/\/www.hotel-grimentz.ch\/#website","url":"https:\/\/www.hotel-grimentz.ch\/","name":"H\u00f4tel *** Restaurant de Moiry","description":"Walliser Gastfreundschaft in den Walliser Alpen","potentialAction":[{"@type":"SearchAction","target":{"@type":"EntryPoint","urlTemplate":"https:\/\/www.hotel-grimentz.ch\/?s={search_term_string}"},"query-input":{"@type":"PropertyValueSpecification","valueRequired":true,"valueName":"search_term_string"}}],"inLanguage":"de"}]}},"publishpress_future_action":{"enabled":false,"date":"2026-05-02 01:01:37","action":"change-status","newStatus":"draft","terms":[],"taxonomy":"translation_priority","extraData":[]},"publishpress_future_workflow_manual_trigger":{"enabledWorkflows":[]},"_links":{"self":[{"href":"https:\/\/www.hotel-grimentz.ch\/de\/wp-json\/wp\/v2\/pages\/14855","targetHints":{"allow":["GET"]}}],"collection":[{"href":"https:\/\/www.hotel-grimentz.ch\/de\/wp-json\/wp\/v2\/pages"}],"about":[{"href":"https:\/\/www.hotel-grimentz.ch\/de\/wp-json\/wp\/v2\/types\/page"}],"author":[{"embeddable":true,"href":"https:\/\/www.hotel-grimentz.ch\/de\/wp-json\/wp\/v2\/users\/4"}],"replies":[{"embeddable":true,"href":"https:\/\/www.hotel-grimentz.ch\/de\/wp-json\/wp\/v2\/comments?post=14855"}],"version-history":[{"count":3,"href":"https:\/\/www.hotel-grimentz.ch\/de\/wp-json\/wp\/v2\/pages\/14855\/revisions"}],"predecessor-version":[{"id":22945,"href":"https:\/\/www.hotel-grimentz.ch\/de\/wp-json\/wp\/v2\/pages\/14855\/revisions\/22945"}],"wp:attachment":[{"href":"https:\/\/www.hotel-grimentz.ch\/de\/wp-json\/wp\/v2\/media?parent=14855"}],"curies":[{"name":"wp","href":"https:\/\/api.w.org\/{rel}","templated":true}]}}