{"id":1041,"date":"2011-09-10T13:13:38","date_gmt":"2011-09-10T11:13:38","guid":{"rendered":"http:\/\/www.hotel-grimentz.ch\/demoiry\/?page_id=1041"},"modified":"2021-08-16T13:20:23","modified_gmt":"2021-08-16T11:20:23","slug":"ausfluege","status":"publish","type":"page","link":"https:\/\/www.hotel-grimentz.ch\/de\/ausfluege\/","title":{"rendered":"Ausfl\u00fcge"},"content":{"rendered":"\n<style type=\"text\/css\" data-created_by=\"avia_inline_auto\" id=\"style-css-av-drmbc1-e27103ac1bfa3aebb6958763e52927d0\">\n.avia-section.av-drmbc1-e27103ac1bfa3aebb6958763e52927d0{\nbackground-repeat:no-repeat;\nbackground-image:url(https:\/\/www.hotel-grimentz.ch\/demoiry\/wp-content\/uploads\/cb-pics-excursions.jpg);\nbackground-position:50% 50%;\nbackground-attachment:scroll;\n}\n<\/style>\n<div id='av_section_1'  class='avia-section av-drmbc1-e27103ac1bfa3aebb6958763e52927d0 main_color avia-section-default avia-no-border-styling  avia-builder-el-0  el_before_av_heading  avia-builder-el-first  avia-bg-style-scroll av-minimum-height av-minimum-height-custom av-height-custom  av-section-with-video-bg av-section-mobile-video-disabled container_wrap fullsize'  data-section-bg-repeat='no-repeat' data-av_minimum_height_px='550' data-section-video-ratio='16:9'><div  class='avia-slideshow av_slideshow_obj-1-69fe94f584267 avia-slideshow-featured av_slideshow avia-slide-slider av-slideshow-ui av-control-default av-slideshow-manual av-loop-once av-loop-manual-endless av-default-height-applied  av-section-video-bg avia-slideshow-1' data-slideshow-options=\"{&quot;animation&quot;:&quot;slide&quot;,&quot;autoplay&quot;:false,&quot;loop_autoplay&quot;:&quot;once&quot;,&quot;interval&quot;:5,&quot;loop_manual&quot;:&quot;manual-endless&quot;,&quot;autoplay_stopper&quot;:false,&quot;noNavigation&quot;:false,&quot;bg_slider&quot;:false,&quot;keep_padding&quot;:false,&quot;hoverpause&quot;:false,&quot;show_slide_delay&quot;:0}\"  itemprop=\"image\" itemscope=\"itemscope\" itemtype=\"https:\/\/schema.org\/ImageObject\" ><ul class='avia-slideshow-inner ' style='padding-bottom: 28.666666666667%;'><li  data-controls='disabled' data-mute='aviaTBaviaTBvideo_mute' data-loop='1' data-disable-autoplay=''  data-video-ratio='1.7777777777778' class='avia-slideshow-slide av_slideshow_obj-1-69fe94f584267__0  av-video-slide  av-video-service-html5  av-hide-video-controls av-mute-video av-loop-video  av-single-slide slide-1 slide-odd'><div data-rel='slideshow-1' class='avia-slide-wrap '    itemprop=\"video\" itemtype=\"https:\/\/schema.org\/VideoObject\" ><div class='av-click-overlay'><\/div><video class='avia_video'  autoplay playsinline loop preload=\"metadata\" muted  id='player_1041_1798289665_2125611032'><source src=\"https:\/\/www.hotel-grimentz.ch\/demoiry\/wp-content\/uploads\/gorges-durnand-hotel-de-moiry-grimentz-hd.webm\" type=\"video\/webm\" \/><source src=\"https:\/\/www.hotel-grimentz.ch\/demoiry\/wp-content\/uploads\/gorges-durnand-hotel-de-moiry-grimentz-hd.mp4\" type=\"video\/mp4\" \/><source src=\"https:\/\/www.hotel-grimentz.ch\/demoiry\/wp-content\/uploads\/gorges-durnand-hotel-de-moiry-grimentz-hd.ogv\" type=\"video\/ogg\" \/><\/video><div class=\"av-click-to-play-overlay\"><div class=\"avia_playpause_icon\"><\/div><\/div><\/div><\/li><\/ul><\/div><div class='container av-section-cont-open' style='height:550px'><main  role=\"main\" itemprop=\"mainContentOfPage\"  class='template-page content  av-content-full alpha units'><div class='post-entry post-entry-type-page post-entry-1041'><div class='entry-content-wrapper clearfix'><\/div><\/div><\/main><!-- close content main element --><\/div><\/div><div id='after_section_1'  class='main_color av_default_container_wrap container_wrap fullsize'  ><div class='container av-section-cont-open' ><div class='template-page content  av-content-full alpha units'><div class='post-entry post-entry-type-page post-entry-1041'><div class='entry-content-wrapper clearfix'>\n\n<style type=\"text\/css\" data-created_by=\"avia_inline_auto\" id=\"style-css-av-av_heading-d41f2e01862f5f9d045e760100e3fb2b\">\n#top .av-special-heading.av-av_heading-d41f2e01862f5f9d045e760100e3fb2b{\npadding-bottom:30px;\n}\nbody .av-special-heading.av-av_heading-d41f2e01862f5f9d045e760100e3fb2b .av-special-heading-tag .heading-char{\nfont-size:25px;\n}\n.av-special-heading.av-av_heading-d41f2e01862f5f9d045e760100e3fb2b .av-subheading{\nfont-size:15px;\n}\n<\/style>\n<div  class='av-special-heading av-av_heading-d41f2e01862f5f9d045e760100e3fb2b av-special-heading-h1 blockquote modern-quote  avia-builder-el-1  el_after_av_section  el_before_av_one_third  avia-builder-el-first '><h1 class='av-special-heading-tag'  itemprop=\"headline\"  >Ausfl\u00fcge im Wallis<\/h1><div class=\"special-heading-border\"><div class=\"special-heading-inner-border\"><\/div><\/div><\/div>\n\n<style type=\"text\/css\" data-created_by=\"avia_inline_auto\" id=\"style-css-av-b9nxjl-9cdce98ac23a3cf49e9269ce116e38b8\">\n.flex_column.av-b9nxjl-9cdce98ac23a3cf49e9269ce116e38b8{\nborder-radius:0px 0px 0px 0px;\npadding:0px 0px 0px 0px;\n}\n<\/style>\n<div  class='flex_column av-b9nxjl-9cdce98ac23a3cf49e9269ce116e38b8 av_one_third  avia-builder-el-2  el_after_av_heading  el_before_av_one_third  first flex_column_div av-zero-column-padding  '     ><section  class='av_textblock_section av-8iftv5-a5bfbb9356d206eca6e9e651d61fc99b '   itemscope=\"itemscope\" itemtype=\"https:\/\/schema.org\/CreativeWork\" ><div class='avia_textblock'  itemprop=\"text\" ><h2>Grimentz<\/h2>\n<ul>\n<li>Grimentz\/St-Jean\u00a0Tourismus<br \/>\n<a title=\"https:\/\/www.grimentz-stjean.ch\" href=\"https:\/\/www.grimentz-stjean.ch\" target=\"_blank\" rel=\"noopener\">www.grimentz-stjean.ch<\/a><\/li>\n<\/ul>\n<\/div><\/section><\/div>\n\n<style type=\"text\/css\" data-created_by=\"avia_inline_auto\" id=\"style-css-av-87ytc1-ae3b2d06314b0de8235939e3b2e3e9cd\">\n.flex_column.av-87ytc1-ae3b2d06314b0de8235939e3b2e3e9cd{\nborder-radius:0px 0px 0px 0px;\npadding:0px 0px 0px 0px;\n}\n<\/style>\n<div  class='flex_column av-87ytc1-ae3b2d06314b0de8235939e3b2e3e9cd av_one_third  avia-builder-el-4  el_after_av_one_third  el_before_av_one_third  flex_column_div av-zero-column-padding  '     ><section  class='av_textblock_section av-62ew2p-a3d5612aeeebf8ddf7f503a095096cc6 '   itemscope=\"itemscope\" itemtype=\"https:\/\/schema.org\/CreativeWork\" ><div class='avia_textblock'  itemprop=\"text\" ><h2>Region Martigny<\/h2>\n<ul>\n<li>Trient-Schlucht<br \/>\n<a href=\"https:\/\/www.trientnature.ch\" target=\"_blank\" rel=\"noopener\">www.trientnature.ch<\/a><\/li>\n<li>Durnand-Schlucht<br \/>\n<a href=\"https:\/\/www.gorgesdudurnand.ch\" target=\"_blank\" rel=\"noopener\">www.gorgesdudurnand.ch<\/a><\/li>\n<li>Fondation Gianadda<br \/>\n<a href=\"https:\/\/www.gianadda.ch\" target=\"_blank\" rel=\"noopener\">www.gianadda.ch<\/a><\/li>\n<li>Mus\u00e9e et chiens du St. Bernard<br \/>\n<a href=\"https:\/\/www.musee-saint-bernard.ch\" target=\"_blank\" rel=\"noopener\">www.musee-saint-bernard.ch<\/a><\/li>\n<li>Alpiner Zoo Mar\u00e9cottes<br \/>\n<a href=\"https:\/\/www.zoo-alpin.ch\" target=\"_blank\" rel=\"noopener\">www.zoo-alpin.ch<\/a><\/li>\n<\/ul>\n<\/div><\/section><\/div>\n\n<style type=\"text\/css\" data-created_by=\"avia_inline_auto\" id=\"style-css-av-d7f01-9f054113268d561a3bbd87848221bce3\">\n.flex_column.av-d7f01-9f054113268d561a3bbd87848221bce3{\nborder-radius:0px 0px 0px 0px;\npadding:0px 0px 0px 0px;\n}\n<\/style>\n<div  class='flex_column av-d7f01-9f054113268d561a3bbd87848221bce3 av_one_third  avia-builder-el-6  el_after_av_one_third  avia-builder-el-last  flex_column_div av-zero-column-padding  '     ><section  class='av_textblock_section av-24gq0x-c395c26fbaa29d1bbd186a693cd92588 '   itemscope=\"itemscope\" itemtype=\"https:\/\/schema.org\/CreativeWork\" ><div class='avia_textblock'  itemprop=\"text\" ><h2><strong>Museen<\/strong><\/h2>\n<ul>\n<li>Walliser Museen &#8211; Museen im Wallis<br \/>\n<a href=\"https:\/\/www.museesvalaisans.ch\" target=\"_blank\" rel=\"noopener\">www.museesvalaisans.ch<\/a><\/li>\n<\/ul>\n<\/div><\/section><\/div>\n","protected":false},"excerpt":{"rendered":"","protected":false},"author":4,"featured_media":0,"parent":0,"menu_order":96,"comment_status":"closed","ping_status":"open","template":"","meta":{"footnotes":"","_links_to":"","_links_to_target":""},"class_list":["post-1041","page","type-page","status-publish","hentry"],"yoast_head":"<!-- This site is optimized with the Yoast SEO plugin v27.5 - https:\/\/yoast.com\/product\/yoast-seo-wordpress\/ -->\n<title>Ausfl\u00fcge im Wallis<\/title>\n<meta name=\"description\" content=\"Ausfl\u00fcge im Wallis: besuchen Sie abwechslungsreiche Sehensw\u00fcrdigkeiten im ganzen Wallis.\" \/>\n<meta name=\"robots\" content=\"index, follow, max-snippet:-1, max-image-preview:large, max-video-preview:-1\" \/>\n<link rel=\"canonical\" href=\"https:\/\/www.hotel-grimentz.ch\/de\/ausfluege\/\" \/>\n<meta property=\"og:locale\" content=\"de_DE\" \/>\n<meta property=\"og:type\" content=\"article\" \/>\n<meta property=\"og:title\" content=\"Ausfl\u00fcge im Wallis\" \/>\n<meta property=\"og:description\" content=\"Ausfl\u00fcge im Wallis: besuchen Sie abwechslungsreiche Sehensw\u00fcrdigkeiten im ganzen Wallis.\" \/>\n<meta property=\"og:url\" content=\"https:\/\/www.hotel-grimentz.ch\/de\/ausfluege\/\" \/>\n<meta property=\"og:site_name\" content=\"H\u00f4tel *** Restaurant de Moiry\" \/>\n<meta property=\"article:modified_time\" content=\"2021-08-16T11:20:23+00:00\" \/>\n<meta name=\"twitter:card\" content=\"summary_large_image\" \/>\n<meta name=\"twitter:label1\" content=\"Gesch\u00e4tzte Lesezeit\" \/>\n\t<meta name=\"twitter:data1\" content=\"3\u00a0Minuten\" \/>\n<script type=\"application\/ld+json\" class=\"yoast-schema-graph\">{\"@context\":\"https:\\\/\\\/schema.org\",\"@graph\":[{\"@type\":\"WebPage\",\"@id\":\"https:\\\/\\\/www.hotel-grimentz.ch\\\/de\\\/ausfluege\\\/\",\"url\":\"https:\\\/\\\/www.hotel-grimentz.ch\\\/de\\\/ausfluege\\\/\",\"name\":\"Ausfl\u00fcge im Wallis\",\"isPartOf\":{\"@id\":\"https:\\\/\\\/www.hotel-grimentz.ch\\\/#website\"},\"datePublished\":\"2011-09-10T11:13:38+00:00\",\"dateModified\":\"2021-08-16T11:20:23+00:00\",\"description\":\"Ausfl\u00fcge im Wallis: besuchen Sie abwechslungsreiche Sehensw\u00fcrdigkeiten im ganzen Wallis.\",\"breadcrumb\":{\"@id\":\"https:\\\/\\\/www.hotel-grimentz.ch\\\/de\\\/ausfluege\\\/#breadcrumb\"},\"inLanguage\":\"de\",\"potentialAction\":[{\"@type\":\"ReadAction\",\"target\":[\"https:\\\/\\\/www.hotel-grimentz.ch\\\/de\\\/ausfluege\\\/\"]}]},{\"@type\":\"BreadcrumbList\",\"@id\":\"https:\\\/\\\/www.hotel-grimentz.ch\\\/de\\\/ausfluege\\\/#breadcrumb\",\"itemListElement\":[{\"@type\":\"ListItem\",\"position\":1,\"name\":\"Startseite\",\"item\":\"https:\\\/\\\/www.hotel-grimentz.ch\\\/de\\\/\"},{\"@type\":\"ListItem\",\"position\":2,\"name\":\"Ausfl\u00fcge\"}]},{\"@type\":\"WebSite\",\"@id\":\"https:\\\/\\\/www.hotel-grimentz.ch\\\/#website\",\"url\":\"https:\\\/\\\/www.hotel-grimentz.ch\\\/\",\"name\":\"H\u00f4tel *** Restaurant de Moiry\",\"description\":\"Walliser Gastfreundschaft in den Walliser Alpen\",\"potentialAction\":[{\"@type\":\"SearchAction\",\"target\":{\"@type\":\"EntryPoint\",\"urlTemplate\":\"https:\\\/\\\/www.hotel-grimentz.ch\\\/?s={search_term_string}\"},\"query-input\":{\"@type\":\"PropertyValueSpecification\",\"valueRequired\":true,\"valueName\":\"search_term_string\"}}],\"inLanguage\":\"de\"}]}<\/script>\n<!-- \/ Yoast SEO plugin. -->","yoast_head_json":{"title":"Ausfl\u00fcge im Wallis","description":"Ausfl\u00fcge im Wallis: besuchen Sie abwechslungsreiche Sehensw\u00fcrdigkeiten im ganzen Wallis.","robots":{"index":"index","follow":"follow","max-snippet":"max-snippet:-1","max-image-preview":"max-image-preview:large","max-video-preview":"max-video-preview:-1"},"canonical":"https:\/\/www.hotel-grimentz.ch\/de\/ausfluege\/","og_locale":"de_DE","og_type":"article","og_title":"Ausfl\u00fcge im Wallis","og_description":"Ausfl\u00fcge im Wallis: besuchen Sie abwechslungsreiche Sehensw\u00fcrdigkeiten im ganzen Wallis.","og_url":"https:\/\/www.hotel-grimentz.ch\/de\/ausfluege\/","og_site_name":"H\u00f4tel *** Restaurant de Moiry","article_modified_time":"2021-08-16T11:20:23+00:00","twitter_card":"summary_large_image","twitter_misc":{"Gesch\u00e4tzte Lesezeit":"3\u00a0Minuten"},"schema":{"@context":"https:\/\/schema.org","@graph":[{"@type":"WebPage","@id":"https:\/\/www.hotel-grimentz.ch\/de\/ausfluege\/","url":"https:\/\/www.hotel-grimentz.ch\/de\/ausfluege\/","name":"Ausfl\u00fcge im Wallis","isPartOf":{"@id":"https:\/\/www.hotel-grimentz.ch\/#website"},"datePublished":"2011-09-10T11:13:38+00:00","dateModified":"2021-08-16T11:20:23+00:00","description":"Ausfl\u00fcge im Wallis: besuchen Sie abwechslungsreiche Sehensw\u00fcrdigkeiten im ganzen Wallis.","breadcrumb":{"@id":"https:\/\/www.hotel-grimentz.ch\/de\/ausfluege\/#breadcrumb"},"inLanguage":"de","potentialAction":[{"@type":"ReadAction","target":["https:\/\/www.hotel-grimentz.ch\/de\/ausfluege\/"]}]},{"@type":"BreadcrumbList","@id":"https:\/\/www.hotel-grimentz.ch\/de\/ausfluege\/#breadcrumb","itemListElement":[{"@type":"ListItem","position":1,"name":"Startseite","item":"https:\/\/www.hotel-grimentz.ch\/de\/"},{"@type":"ListItem","position":2,"name":"Ausfl\u00fcge"}]},{"@type":"WebSite","@id":"https:\/\/www.hotel-grimentz.ch\/#website","url":"https:\/\/www.hotel-grimentz.ch\/","name":"H\u00f4tel *** Restaurant de Moiry","description":"Walliser Gastfreundschaft in den Walliser Alpen","potentialAction":[{"@type":"SearchAction","target":{"@type":"EntryPoint","urlTemplate":"https:\/\/www.hotel-grimentz.ch\/?s={search_term_string}"},"query-input":{"@type":"PropertyValueSpecification","valueRequired":true,"valueName":"search_term_string"}}],"inLanguage":"de"}]}},"publishpress_future_action":{"enabled":false,"date":"2026-05-16 03:59:18","action":"change-status","newStatus":"draft","terms":[],"taxonomy":"translation_priority","extraData":[]},"publishpress_future_workflow_manual_trigger":{"enabledWorkflows":[]},"_links":{"self":[{"href":"https:\/\/www.hotel-grimentz.ch\/de\/wp-json\/wp\/v2\/pages\/1041","targetHints":{"allow":["GET"]}}],"collection":[{"href":"https:\/\/www.hotel-grimentz.ch\/de\/wp-json\/wp\/v2\/pages"}],"about":[{"href":"https:\/\/www.hotel-grimentz.ch\/de\/wp-json\/wp\/v2\/types\/page"}],"author":[{"embeddable":true,"href":"https:\/\/www.hotel-grimentz.ch\/de\/wp-json\/wp\/v2\/users\/4"}],"replies":[{"embeddable":true,"href":"https:\/\/www.hotel-grimentz.ch\/de\/wp-json\/wp\/v2\/comments?post=1041"}],"version-history":[{"count":3,"href":"https:\/\/www.hotel-grimentz.ch\/de\/wp-json\/wp\/v2\/pages\/1041\/revisions"}],"predecessor-version":[{"id":24627,"href":"https:\/\/www.hotel-grimentz.ch\/de\/wp-json\/wp\/v2\/pages\/1041\/revisions\/24627"}],"wp:attachment":[{"href":"https:\/\/www.hotel-grimentz.ch\/de\/wp-json\/wp\/v2\/media?parent=1041"}],"curies":[{"name":"wp","href":"https:\/\/api.w.org\/{rel}","templated":true}]}}