{"id":1017,"date":"2011-09-10T13:00:36","date_gmt":"2011-09-10T11:00:36","guid":{"rendered":"http:\/\/www.hotel-grimentz.ch\/demoiry\/?page_id=1017"},"modified":"2023-06-28T13:45:43","modified_gmt":"2023-06-28T11:45:43","slug":"sommersport-grimentz","status":"publish","type":"page","link":"https:\/\/www.hotel-grimentz.ch\/de\/sommersport-grimentz\/","title":{"rendered":"Sommersport"},"content":{"rendered":"\n<style type=\"text\/css\" data-created_by=\"avia_inline_auto\" id=\"style-css-av-4l6yah-00e156184051c7cde9f9bbb6a9b21a1a\">\n.avia-section.av-4l6yah-00e156184051c7cde9f9bbb6a9b21a1a{\nbackground-repeat:no-repeat;\nbackground-image:url(https:\/\/www.hotel-grimentz.ch\/demoiry\/wp-content\/uploads\/cb-pics-ete.jpg);\nbackground-position:50% 50%;\nbackground-attachment:scroll;\n}\n<\/style>\n<div id='av_section_1'  class='avia-section av-4l6yah-00e156184051c7cde9f9bbb6a9b21a1a main_color avia-section-default avia-no-shadow  avia-builder-el-0  el_before_av_heading  avia-builder-el-first  avia-bg-style-scroll av-minimum-height av-minimum-height-custom av-height-custom  av-section-with-video-bg av-section-mobile-video-disabled container_wrap fullsize'  data-section-bg-repeat='no-repeat' data-av_minimum_height_px='550' data-section-video-ratio='16:9'><div  class='avia-slideshow av_slideshow_obj-1-69f4146dd951f avia-slideshow-featured av_slideshow avia-slide-slider av-slideshow-ui av-control-default av-slideshow-manual av-loop-once av-loop-manual-endless av-default-height-applied  av-section-video-bg avia-slideshow-1' data-slideshow-options=\"{&quot;animation&quot;:&quot;slide&quot;,&quot;autoplay&quot;:false,&quot;loop_autoplay&quot;:&quot;once&quot;,&quot;interval&quot;:5,&quot;loop_manual&quot;:&quot;manual-endless&quot;,&quot;autoplay_stopper&quot;:false,&quot;noNavigation&quot;:false,&quot;bg_slider&quot;:false,&quot;keep_padding&quot;:false,&quot;hoverpause&quot;:false,&quot;show_slide_delay&quot;:0}\"  itemprop=\"image\" itemscope=\"itemscope\" itemtype=\"https:\/\/schema.org\/ImageObject\" ><ul class='avia-slideshow-inner ' style='padding-bottom: 28.666666666667%;'><li  data-controls='disabled' data-mute='aviaTBaviaTBvideo_mute' data-loop='1' data-disable-autoplay=''  data-video-ratio='1.7777777777778' class='avia-slideshow-slide av_slideshow_obj-1-69f4146dd951f__0  av-video-slide  av-video-service-html5  av-hide-video-controls av-mute-video av-loop-video  av-single-slide slide-1 slide-odd'><div data-rel='slideshow-1' class='avia-slide-wrap '    itemprop=\"video\" itemtype=\"https:\/\/schema.org\/VideoObject\" ><div class='av-click-overlay'><\/div><video class='avia_video'  autoplay playsinline loop preload=\"metadata\" muted  id='player_1017_892630838_2064249326'><source src=\"https:\/\/www.hotel-grimentz.ch\/demoiry\/wp-content\/uploads\/teleferique-hotel-de-moiry-grimentz-hd.webm\" type=\"video\/webm\" \/><source src=\"https:\/\/www.hotel-grimentz.ch\/demoiry\/wp-content\/uploads\/teleferique-hotel-de-moiry-grimentz-hd.mp4\" type=\"video\/mp4\" \/><source src=\"https:\/\/www.hotel-grimentz.ch\/demoiry\/wp-content\/uploads\/teleferique-hotel-de-moiry-grimentz-hd.ogv\" type=\"video\/ogg\" \/><\/video><div class=\"av-click-to-play-overlay\"><div class=\"avia_playpause_icon\"><\/div><\/div><\/div><\/li><\/ul><\/div><div class='container av-section-cont-open' style='height:550px'><main  role=\"main\" itemprop=\"mainContentOfPage\"  class='template-page content  av-content-full alpha units'><div class='post-entry post-entry-type-page post-entry-1017'><div class='entry-content-wrapper clearfix'><\/div><\/div><\/main><!-- close content main element --><\/div><\/div><div id='after_section_1'  class='main_color av_default_container_wrap container_wrap fullsize'  ><div class='container av-section-cont-open' ><div class='template-page content  av-content-full alpha units'><div class='post-entry post-entry-type-page post-entry-1017'><div class='entry-content-wrapper clearfix'>\n\n<style type=\"text\/css\" data-created_by=\"avia_inline_auto\" id=\"style-css-av-1yg8sp-f7ec782c8d5b420eca729ef2761f5833\">\n#top .av-special-heading.av-1yg8sp-f7ec782c8d5b420eca729ef2761f5833{\npadding-bottom:30px;\n}\nbody .av-special-heading.av-1yg8sp-f7ec782c8d5b420eca729ef2761f5833 .av-special-heading-tag .heading-char{\nfont-size:25px;\n}\n.av-special-heading.av-1yg8sp-f7ec782c8d5b420eca729ef2761f5833 .av-subheading{\nfont-size:15px;\n}\n<\/style>\n<div  class='av-special-heading av-1yg8sp-f7ec782c8d5b420eca729ef2761f5833 av-special-heading-h1 blockquote modern-quote  avia-builder-el-1  el_after_av_section  el_before_av_textblock  avia-builder-el-first  av-linked-heading'><h1 class='av-special-heading-tag'  itemprop=\"headline\"  >Aktivit\u00e4ten im Sommer, Grimentz<\/h1><div class=\"special-heading-border\"><div class=\"special-heading-inner-border\"><\/div><\/div><\/div>\n<section  class='av_textblock_section av-2pe3x5-d1a56339788ff9be14eaaa36a742c7d6 '   itemscope=\"itemscope\" itemtype=\"https:\/\/schema.org\/CreativeWork\" ><div class='avia_textblock'  itemprop=\"text\" ><ul>\n<li><strong><a title=\"Biken Grimentz Wallis\" href=\"https:\/\/www.hotel-grimentz.ch\/biken-in-grimentz-wallis\/?lang=de\">Mountain Bike<\/a><br \/>\n<\/strong>Geniessen Sie die wunderbare Alpenwelt auf Ihrem Mountainbike.<\/li>\n<li><strong><a title=\"Bergsteigen Grimentz im Wallis\" href=\"https:\/\/www.hotel-grimentz.ch\/bergsteigen\/?lang=de\">Bergsteigen<\/a><br \/>\n<\/strong>Erklimmen Sie die Gipfel der Walliser Alpen gemeinsam mit ihrem Bergf\u00fchrer Aurel Salamin.<\/li>\n<li><strong><a title=\"Klettern in Grimentz im Wallis\" href=\"https:\/\/www.hotel-grimentz.ch\/klettern\/?lang=de\">Klettern<\/a><br \/>\n<\/strong>In Grimentz finden Sie eine Kletterwand in der Turnhalle und eine zweite Kletterwand neben dem Campingplatz L&#8217;Il\u00f4t Bosquet. Ausserdem haben die Bergf\u00fchrer-Br\u00fcder Salamin einen Klettergarten in &#8222;Les Cr\u00eats&#8220; ausgestattet.<\/li>\n<li><strong><a title=\"Klettersteig in Grimentz im Wallis\" href=\"https:\/\/www.hotel-grimentz.ch\/klettersteig\/?lang=de\">Klettersteig<\/a><br \/>\n<\/strong>Geniessen Sie die Aussicht vom Klettersteig auf den Moiry-Stausee.<\/li>\n<li><strong><a title=\"Wandern im Wallis\" href=\"https:\/\/www.hotel-grimentz.ch\/wandern\/?lang=de\">Wandern<\/a><br \/>\n<\/strong>Rund um Grimentz finden Sie viele sch\u00f6n angelegte Wanderwege, f\u00fcr Jung und Alt, f\u00fcr Anf\u00e4nger wie auch f\u00fcr Wanderprofis.<\/li>\n<\/ul>\n<\/div><\/section>\n","protected":false},"excerpt":{"rendered":"","protected":false},"author":4,"featured_media":0,"parent":0,"menu_order":81,"comment_status":"closed","ping_status":"open","template":"","meta":{"footnotes":"","_links_to":"","_links_to_target":""},"class_list":["post-1017","page","type-page","status-publish","hentry"],"yoast_head":"<!-- This site is optimized with the Yoast SEO plugin v27.5 - https:\/\/yoast.com\/product\/yoast-seo-wordpress\/ -->\n<title>Sommeraktivit\u00e4ten in Grimentz und Zinal - Hotel de Moiry<\/title>\n<meta name=\"description\" content=\"Erleben Sie diverse Aktivit\u00e4ten in der wunderbaren Alpenwelt in Grimentz und Zinal: Mountain Biken, Klettersteig, Bergsteigen, Klettern, Wandern.\" \/>\n<meta name=\"robots\" content=\"index, follow, max-snippet:-1, max-image-preview:large, max-video-preview:-1\" \/>\n<link rel=\"canonical\" href=\"https:\/\/www.hotel-grimentz.ch\/de\/sommersport-grimentz\/\" \/>\n<meta property=\"og:locale\" content=\"de_DE\" \/>\n<meta property=\"og:type\" content=\"article\" \/>\n<meta property=\"og:title\" content=\"Sommeraktivit\u00e4ten in Grimentz und Zinal - Hotel de Moiry\" \/>\n<meta property=\"og:description\" content=\"Erleben Sie diverse Aktivit\u00e4ten in der wunderbaren Alpenwelt in Grimentz und Zinal: Mountain Biken, Klettersteig, Bergsteigen, Klettern, Wandern.\" \/>\n<meta property=\"og:url\" content=\"https:\/\/www.hotel-grimentz.ch\/de\/sommersport-grimentz\/\" \/>\n<meta property=\"og:site_name\" content=\"H\u00f4tel *** Restaurant de Moiry\" \/>\n<meta property=\"article:modified_time\" content=\"2023-06-28T11:45:43+00:00\" \/>\n<meta name=\"twitter:card\" content=\"summary_large_image\" \/>\n<meta name=\"twitter:label1\" content=\"Gesch\u00e4tzte Lesezeit\" \/>\n\t<meta name=\"twitter:data1\" content=\"1\u00a0Minute\" \/>\n<script type=\"application\/ld+json\" class=\"yoast-schema-graph\">{\"@context\":\"https:\\\/\\\/schema.org\",\"@graph\":[{\"@type\":\"WebPage\",\"@id\":\"https:\\\/\\\/www.hotel-grimentz.ch\\\/de\\\/sommersport-grimentz\\\/\",\"url\":\"https:\\\/\\\/www.hotel-grimentz.ch\\\/de\\\/sommersport-grimentz\\\/\",\"name\":\"Sommeraktivit\u00e4ten in Grimentz und Zinal - Hotel de Moiry\",\"isPartOf\":{\"@id\":\"https:\\\/\\\/www.hotel-grimentz.ch\\\/#website\"},\"datePublished\":\"2011-09-10T11:00:36+00:00\",\"dateModified\":\"2023-06-28T11:45:43+00:00\",\"description\":\"Erleben Sie diverse Aktivit\u00e4ten in der wunderbaren Alpenwelt in Grimentz und Zinal: Mountain Biken, Klettersteig, Bergsteigen, Klettern, Wandern.\",\"breadcrumb\":{\"@id\":\"https:\\\/\\\/www.hotel-grimentz.ch\\\/de\\\/sommersport-grimentz\\\/#breadcrumb\"},\"inLanguage\":\"de\",\"potentialAction\":[{\"@type\":\"ReadAction\",\"target\":[\"https:\\\/\\\/www.hotel-grimentz.ch\\\/de\\\/sommersport-grimentz\\\/\"]}]},{\"@type\":\"BreadcrumbList\",\"@id\":\"https:\\\/\\\/www.hotel-grimentz.ch\\\/de\\\/sommersport-grimentz\\\/#breadcrumb\",\"itemListElement\":[{\"@type\":\"ListItem\",\"position\":1,\"name\":\"Startseite\",\"item\":\"https:\\\/\\\/www.hotel-grimentz.ch\\\/de\\\/\"},{\"@type\":\"ListItem\",\"position\":2,\"name\":\"Sommersport\"}]},{\"@type\":\"WebSite\",\"@id\":\"https:\\\/\\\/www.hotel-grimentz.ch\\\/#website\",\"url\":\"https:\\\/\\\/www.hotel-grimentz.ch\\\/\",\"name\":\"H\u00f4tel *** Restaurant de Moiry\",\"description\":\"Walliser Gastfreundschaft in den Walliser Alpen\",\"potentialAction\":[{\"@type\":\"SearchAction\",\"target\":{\"@type\":\"EntryPoint\",\"urlTemplate\":\"https:\\\/\\\/www.hotel-grimentz.ch\\\/?s={search_term_string}\"},\"query-input\":{\"@type\":\"PropertyValueSpecification\",\"valueRequired\":true,\"valueName\":\"search_term_string\"}}],\"inLanguage\":\"de\"}]}<\/script>\n<!-- \/ Yoast SEO plugin. -->","yoast_head_json":{"title":"Sommeraktivit\u00e4ten in Grimentz und Zinal - Hotel de Moiry","description":"Erleben Sie diverse Aktivit\u00e4ten in der wunderbaren Alpenwelt in Grimentz und Zinal: Mountain Biken, Klettersteig, Bergsteigen, Klettern, Wandern.","robots":{"index":"index","follow":"follow","max-snippet":"max-snippet:-1","max-image-preview":"max-image-preview:large","max-video-preview":"max-video-preview:-1"},"canonical":"https:\/\/www.hotel-grimentz.ch\/de\/sommersport-grimentz\/","og_locale":"de_DE","og_type":"article","og_title":"Sommeraktivit\u00e4ten in Grimentz und Zinal - Hotel de Moiry","og_description":"Erleben Sie diverse Aktivit\u00e4ten in der wunderbaren Alpenwelt in Grimentz und Zinal: Mountain Biken, Klettersteig, Bergsteigen, Klettern, Wandern.","og_url":"https:\/\/www.hotel-grimentz.ch\/de\/sommersport-grimentz\/","og_site_name":"H\u00f4tel *** Restaurant de Moiry","article_modified_time":"2023-06-28T11:45:43+00:00","twitter_card":"summary_large_image","twitter_misc":{"Gesch\u00e4tzte Lesezeit":"1\u00a0Minute"},"schema":{"@context":"https:\/\/schema.org","@graph":[{"@type":"WebPage","@id":"https:\/\/www.hotel-grimentz.ch\/de\/sommersport-grimentz\/","url":"https:\/\/www.hotel-grimentz.ch\/de\/sommersport-grimentz\/","name":"Sommeraktivit\u00e4ten in Grimentz und Zinal - Hotel de Moiry","isPartOf":{"@id":"https:\/\/www.hotel-grimentz.ch\/#website"},"datePublished":"2011-09-10T11:00:36+00:00","dateModified":"2023-06-28T11:45:43+00:00","description":"Erleben Sie diverse Aktivit\u00e4ten in der wunderbaren Alpenwelt in Grimentz und Zinal: Mountain Biken, Klettersteig, Bergsteigen, Klettern, Wandern.","breadcrumb":{"@id":"https:\/\/www.hotel-grimentz.ch\/de\/sommersport-grimentz\/#breadcrumb"},"inLanguage":"de","potentialAction":[{"@type":"ReadAction","target":["https:\/\/www.hotel-grimentz.ch\/de\/sommersport-grimentz\/"]}]},{"@type":"BreadcrumbList","@id":"https:\/\/www.hotel-grimentz.ch\/de\/sommersport-grimentz\/#breadcrumb","itemListElement":[{"@type":"ListItem","position":1,"name":"Startseite","item":"https:\/\/www.hotel-grimentz.ch\/de\/"},{"@type":"ListItem","position":2,"name":"Sommersport"}]},{"@type":"WebSite","@id":"https:\/\/www.hotel-grimentz.ch\/#website","url":"https:\/\/www.hotel-grimentz.ch\/","name":"H\u00f4tel *** Restaurant de Moiry","description":"Walliser Gastfreundschaft in den Walliser Alpen","potentialAction":[{"@type":"SearchAction","target":{"@type":"EntryPoint","urlTemplate":"https:\/\/www.hotel-grimentz.ch\/?s={search_term_string}"},"query-input":{"@type":"PropertyValueSpecification","valueRequired":true,"valueName":"search_term_string"}}],"inLanguage":"de"}]}},"publishpress_future_action":{"enabled":false,"date":"2026-05-08 04:48:14","action":"change-status","newStatus":"draft","terms":[],"taxonomy":"translation_priority","extraData":[]},"publishpress_future_workflow_manual_trigger":{"enabledWorkflows":[]},"_links":{"self":[{"href":"https:\/\/www.hotel-grimentz.ch\/de\/wp-json\/wp\/v2\/pages\/1017","targetHints":{"allow":["GET"]}}],"collection":[{"href":"https:\/\/www.hotel-grimentz.ch\/de\/wp-json\/wp\/v2\/pages"}],"about":[{"href":"https:\/\/www.hotel-grimentz.ch\/de\/wp-json\/wp\/v2\/types\/page"}],"author":[{"embeddable":true,"href":"https:\/\/www.hotel-grimentz.ch\/de\/wp-json\/wp\/v2\/users\/4"}],"replies":[{"embeddable":true,"href":"https:\/\/www.hotel-grimentz.ch\/de\/wp-json\/wp\/v2\/comments?post=1017"}],"version-history":[{"count":5,"href":"https:\/\/www.hotel-grimentz.ch\/de\/wp-json\/wp\/v2\/pages\/1017\/revisions"}],"predecessor-version":[{"id":25377,"href":"https:\/\/www.hotel-grimentz.ch\/de\/wp-json\/wp\/v2\/pages\/1017\/revisions\/25377"}],"wp:attachment":[{"href":"https:\/\/www.hotel-grimentz.ch\/de\/wp-json\/wp\/v2\/media?parent=1017"}],"curies":[{"name":"wp","href":"https:\/\/api.w.org\/{rel}","templated":true}]}}